{"id":108,"date":"2023-12-13T21:15:20","date_gmt":"2023-12-13T20:15:20","guid":{"rendered":"https:\/\/www.coeurdefamille.com\/?page_id=108"},"modified":"2024-07-10T19:02:56","modified_gmt":"2024-07-10T17:02:56","slug":"therapie-de-couple","status":"publish","type":"page","link":"https:\/\/www.coeurdefamille.com\/index.php\/therapie-de-couple\/","title":{"rendered":"THERAPIE DE COUPLE"},"content":{"rendered":"\n<p class=\"has-text-align-center\">Le couple est \u00e0 la base de la famille, c\u2019est son premier sous-syst\u00e8me . Il a vocation \u00e0 partager et \u00e0 construire des projets ensemble.<\/p>\n\n\n\n<p class=\"has-text-align-center\">N\u00e9anmoins, chaque couple traverse des \u00e9tapes heureuses mais aussi difficiles. Diff\u00e9rents \u00e9v\u00e8nements peuvent venir mettre \u00e0 mal l\u2019\u00e9quilibre du syst\u00e8me.<\/p>\n\n\n\n<p class=\"has-text-align-center\"> Des difficult\u00e9s financi\u00e8res, une naissance, un deuil, une maladie, des relations extra-conjugales, du rejet, un d\u00e9sir de s\u00e9paration\u2026<\/p>\n\n\n\n<p class=\"has-text-align-center\">Ces \u00e9v\u00e9nements peuvent traverser la vie de tous les couples mais des ajustements peuvent \u00eatre effectu\u00e9s afin de d\u00e9passer ces crises ensemble.<\/p>\n\n\n\n<p class=\"has-text-align-center\"><strong>Pourquoi consulter un Th\u00e9rapeute de couple<\/strong> ? <\/p>\n\n\n\n<p class=\"has-text-align-center\"> En Th\u00e9rapie de couple nous allons explorer les enjeux relationnels et les impacts que cela peut avoir sur vos interactions au quotidien et dans vos projets de couple.<\/p>\n\n\n\n<p class=\"has-text-align-center\">Nous allons vous accompagner dans la recherche d\u2019ajustement afin de red\u00e9finir un \u00e9quilibre qui vous correspondra et vous permettra de d\u00e9passer les crises rencontr\u00e9es.<\/p>\n\n\n\n<p class=\"has-text-align-center\">Une th\u00e9rapie de couple peut venir vous aider \u00e0 vivre \u00e0 nouveau de mani\u00e8re harmonieuse. Identifier les difficult\u00e9s relationnelles de votre couple  aura un impact sur vous mais aussi sur les interactions de l\u2019ensemble de votre famille.<\/p>\n\n\n\n<blockquote class=\"wp-block-quote has-text-align-left is-layout-flow wp-block-quote-is-layout-flow\">\n<p><em>\u00ab Le couple se forme lorsque deux personnes commencent \u00e0 se raconter un couple et ce r\u00e9cit de couple va les raconter en retour \u00bb <\/em><\/p>\n\n\n\n<p><em>Robert Neuburger<br><br>\u00ab Tout couple, et c\u2019est particuli\u00e8rement \u00e9vident aujourd\u2019hui, n\u2019est autre qu\u2019un r\u00e9cit auquel on accorde un cr\u00e9dit, donc un conte au sens noble du terme \u00bb <\/em><\/p>\n\n\n\n<p><em>Philippe Caill\u00e9<\/em><\/p>\n<\/blockquote>\n\n\n\n<p class=\"has-text-align-center\"><\/p>\n\n\n\n<p><strong>Th\u00e9rapeute <\/strong>: Emmanuelle MAGRE<\/p>\n\n\n\n<p><strong>Tarif :<\/strong> 80 euros la s\u00e9ance d&#8217;environ 1h<\/p>\n\n\n\n<p class=\"has-text-align-center\">Le nombre de s\u00e9ances est \u00e0 d\u00e9finir ensemble et en fonction des besoins et de l\u2019\u00e9volution de la dynamique de votre couple.<\/p>\n\n\n\n<div class=\"wp-block-buttons is-layout-flex wp-block-buttons-is-layout-flex\">\n<div class=\"wp-block-button\"><a class=\"wp-block-button__link wp-element-button\" href=\"https:\/\/www.coeurdefamille.com\/\">Nos Th\u00e9rapies<\/a><\/div>\n<\/div>\n\n\n\n<div class=\"wp-block-buttons is-layout-flex wp-block-buttons-is-layout-flex\">\n<div class=\"wp-block-button\"><a class=\"wp-block-button__link wp-element-button\" href=\"https:\/\/www.coeurdefamille.com\/index.php\/contactez-nous\/\">Prendre rendez vous <\/a><\/div>\n<\/div>\n\n\n\n<p><\/p>\n","protected":false},"excerpt":{"rendered":"<p>Le couple est \u00e0 la base de la famille, c\u2019est son premier sous-syst\u00e8me . Il a vocation \u00e0 partager et \u00e0 construire des projets ensemble. N\u00e9anmoins, chaque couple traverse des \u00e9tapes heureuses mais aussi difficiles. Diff\u00e9rents \u00e9v\u00e8nements peuvent venir mettre \u00e0 mal l\u2019\u00e9quilibre du syst\u00e8me. Des difficult\u00e9s financi\u00e8res, une naissance, un deuil, une maladie, des [&hellip;]<\/p>\n","protected":false},"author":1,"featured_media":0,"parent":0,"menu_order":0,"comment_status":"closed","ping_status":"closed","template":"","meta":{"footnotes":""},"class_list":["post-108","page","type-page","status-publish","hentry"],"yoast_head":"<!-- This site is optimized with the Yoast SEO plugin v27.4 - https:\/\/yoast.com\/product\/yoast-seo-wordpress\/ -->\n<title>THERAPIE DE COUPLE - Coeur de famille<\/title>\n<meta name=\"robots\" content=\"index, follow, max-snippet:-1, max-image-preview:large, max-video-preview:-1\" \/>\n<link rel=\"canonical\" href=\"https:\/\/www.coeurdefamille.com\/index.php\/therapie-de-couple\/\" \/>\n<meta property=\"og:locale\" content=\"en_US\" \/>\n<meta property=\"og:type\" content=\"article\" \/>\n<meta property=\"og:title\" content=\"THERAPIE DE COUPLE - Coeur de famille\" \/>\n<meta property=\"og:description\" content=\"Le couple est \u00e0 la base de la famille, c\u2019est son premier sous-syst\u00e8me . Il a vocation \u00e0 partager et \u00e0 construire des projets ensemble. N\u00e9anmoins, chaque couple traverse des \u00e9tapes heureuses mais aussi difficiles. Diff\u00e9rents \u00e9v\u00e8nements peuvent venir mettre \u00e0 mal l\u2019\u00e9quilibre du syst\u00e8me. Des difficult\u00e9s financi\u00e8res, une naissance, un deuil, une maladie, des [&hellip;]\" \/>\n<meta property=\"og:url\" content=\"https:\/\/www.coeurdefamille.com\/index.php\/therapie-de-couple\/\" \/>\n<meta property=\"og:site_name\" content=\"Coeur de famille\" \/>\n<meta property=\"article:modified_time\" content=\"2024-07-10T17:02:56+00:00\" \/>\n<meta name=\"twitter:card\" content=\"summary_large_image\" \/>\n<meta name=\"twitter:label1\" content=\"Est. reading time\" \/>\n\t<meta name=\"twitter:data1\" content=\"1 minute\" \/>\n<script type=\"application\/ld+json\" class=\"yoast-schema-graph\">{\"@context\":\"https:\\\/\\\/schema.org\",\"@graph\":[{\"@type\":\"WebPage\",\"@id\":\"https:\\\/\\\/www.coeurdefamille.com\\\/index.php\\\/therapie-de-couple\\\/\",\"url\":\"https:\\\/\\\/www.coeurdefamille.com\\\/index.php\\\/therapie-de-couple\\\/\",\"name\":\"THERAPIE DE COUPLE - Coeur de famille\",\"isPartOf\":{\"@id\":\"https:\\\/\\\/www.coeurdefamille.com\\\/#website\"},\"datePublished\":\"2023-12-13T20:15:20+00:00\",\"dateModified\":\"2024-07-10T17:02:56+00:00\",\"breadcrumb\":{\"@id\":\"https:\\\/\\\/www.coeurdefamille.com\\\/index.php\\\/therapie-de-couple\\\/#breadcrumb\"},\"inLanguage\":\"en-US\",\"potentialAction\":[{\"@type\":\"ReadAction\",\"target\":[\"https:\\\/\\\/www.coeurdefamille.com\\\/index.php\\\/therapie-de-couple\\\/\"]}]},{\"@type\":\"BreadcrumbList\",\"@id\":\"https:\\\/\\\/www.coeurdefamille.com\\\/index.php\\\/therapie-de-couple\\\/#breadcrumb\",\"itemListElement\":[{\"@type\":\"ListItem\",\"position\":1,\"name\":\"Accueil\",\"item\":\"https:\\\/\\\/www.coeurdefamille.com\\\/\"},{\"@type\":\"ListItem\",\"position\":2,\"name\":\"THERAPIE DE COUPLE\"}]},{\"@type\":\"WebSite\",\"@id\":\"https:\\\/\\\/www.coeurdefamille.com\\\/#website\",\"url\":\"https:\\\/\\\/www.coeurdefamille.com\\\/\",\"name\":\"Coeur de famille\",\"description\":\"Un site utilisant WordPress\",\"publisher\":{\"@id\":\"https:\\\/\\\/www.coeurdefamille.com\\\/#\\\/schema\\\/person\\\/ef8deef460ebfe19f6381b3156a6e3cb\"},\"potentialAction\":[{\"@type\":\"SearchAction\",\"target\":{\"@type\":\"EntryPoint\",\"urlTemplate\":\"https:\\\/\\\/www.coeurdefamille.com\\\/?s={search_term_string}\"},\"query-input\":{\"@type\":\"PropertyValueSpecification\",\"valueRequired\":true,\"valueName\":\"search_term_string\"}}],\"inLanguage\":\"en-US\"},{\"@type\":[\"Person\",\"Organization\"],\"@id\":\"https:\\\/\\\/www.coeurdefamille.com\\\/#\\\/schema\\\/person\\\/ef8deef460ebfe19f6381b3156a6e3cb\",\"name\":\"admin2165\",\"image\":{\"@type\":\"ImageObject\",\"inLanguage\":\"en-US\",\"@id\":\"https:\\\/\\\/www.coeurdefamille.com\\\/wp-content\\\/uploads\\\/2023\\\/12\\\/logo.png\",\"url\":\"https:\\\/\\\/www.coeurdefamille.com\\\/wp-content\\\/uploads\\\/2023\\\/12\\\/logo.png\",\"contentUrl\":\"https:\\\/\\\/www.coeurdefamille.com\\\/wp-content\\\/uploads\\\/2023\\\/12\\\/logo.png\",\"width\":500,\"height\":500,\"caption\":\"admin2165\"},\"logo\":{\"@id\":\"https:\\\/\\\/www.coeurdefamille.com\\\/wp-content\\\/uploads\\\/2023\\\/12\\\/logo.png\"},\"sameAs\":[\"http:\\\/\\\/www.coeurdefamille.com\",\"www.instagram.com\\\/coeurdefamille.therapie\"]}]}<\/script>\n<!-- \/ Yoast SEO plugin. -->","yoast_head_json":{"title":"THERAPIE DE COUPLE - Coeur de famille","robots":{"index":"index","follow":"follow","max-snippet":"max-snippet:-1","max-image-preview":"max-image-preview:large","max-video-preview":"max-video-preview:-1"},"canonical":"https:\/\/www.coeurdefamille.com\/index.php\/therapie-de-couple\/","og_locale":"en_US","og_type":"article","og_title":"THERAPIE DE COUPLE - Coeur de famille","og_description":"Le couple est \u00e0 la base de la famille, c\u2019est son premier sous-syst\u00e8me . Il a vocation \u00e0 partager et \u00e0 construire des projets ensemble. N\u00e9anmoins, chaque couple traverse des \u00e9tapes heureuses mais aussi difficiles. Diff\u00e9rents \u00e9v\u00e8nements peuvent venir mettre \u00e0 mal l\u2019\u00e9quilibre du syst\u00e8me. Des difficult\u00e9s financi\u00e8res, une naissance, un deuil, une maladie, des [&hellip;]","og_url":"https:\/\/www.coeurdefamille.com\/index.php\/therapie-de-couple\/","og_site_name":"Coeur de famille","article_modified_time":"2024-07-10T17:02:56+00:00","twitter_card":"summary_large_image","twitter_misc":{"Est. reading time":"1 minute"},"schema":{"@context":"https:\/\/schema.org","@graph":[{"@type":"WebPage","@id":"https:\/\/www.coeurdefamille.com\/index.php\/therapie-de-couple\/","url":"https:\/\/www.coeurdefamille.com\/index.php\/therapie-de-couple\/","name":"THERAPIE DE COUPLE - Coeur de famille","isPartOf":{"@id":"https:\/\/www.coeurdefamille.com\/#website"},"datePublished":"2023-12-13T20:15:20+00:00","dateModified":"2024-07-10T17:02:56+00:00","breadcrumb":{"@id":"https:\/\/www.coeurdefamille.com\/index.php\/therapie-de-couple\/#breadcrumb"},"inLanguage":"en-US","potentialAction":[{"@type":"ReadAction","target":["https:\/\/www.coeurdefamille.com\/index.php\/therapie-de-couple\/"]}]},{"@type":"BreadcrumbList","@id":"https:\/\/www.coeurdefamille.com\/index.php\/therapie-de-couple\/#breadcrumb","itemListElement":[{"@type":"ListItem","position":1,"name":"Accueil","item":"https:\/\/www.coeurdefamille.com\/"},{"@type":"ListItem","position":2,"name":"THERAPIE DE COUPLE"}]},{"@type":"WebSite","@id":"https:\/\/www.coeurdefamille.com\/#website","url":"https:\/\/www.coeurdefamille.com\/","name":"Coeur de famille","description":"Un site utilisant WordPress","publisher":{"@id":"https:\/\/www.coeurdefamille.com\/#\/schema\/person\/ef8deef460ebfe19f6381b3156a6e3cb"},"potentialAction":[{"@type":"SearchAction","target":{"@type":"EntryPoint","urlTemplate":"https:\/\/www.coeurdefamille.com\/?s={search_term_string}"},"query-input":{"@type":"PropertyValueSpecification","valueRequired":true,"valueName":"search_term_string"}}],"inLanguage":"en-US"},{"@type":["Person","Organization"],"@id":"https:\/\/www.coeurdefamille.com\/#\/schema\/person\/ef8deef460ebfe19f6381b3156a6e3cb","name":"admin2165","image":{"@type":"ImageObject","inLanguage":"en-US","@id":"https:\/\/www.coeurdefamille.com\/wp-content\/uploads\/2023\/12\/logo.png","url":"https:\/\/www.coeurdefamille.com\/wp-content\/uploads\/2023\/12\/logo.png","contentUrl":"https:\/\/www.coeurdefamille.com\/wp-content\/uploads\/2023\/12\/logo.png","width":500,"height":500,"caption":"admin2165"},"logo":{"@id":"https:\/\/www.coeurdefamille.com\/wp-content\/uploads\/2023\/12\/logo.png"},"sameAs":["http:\/\/www.coeurdefamille.com","www.instagram.com\/coeurdefamille.therapie"]}]}},"_links":{"self":[{"href":"https:\/\/www.coeurdefamille.com\/index.php\/wp-json\/wp\/v2\/pages\/108","targetHints":{"allow":["GET"]}}],"collection":[{"href":"https:\/\/www.coeurdefamille.com\/index.php\/wp-json\/wp\/v2\/pages"}],"about":[{"href":"https:\/\/www.coeurdefamille.com\/index.php\/wp-json\/wp\/v2\/types\/page"}],"author":[{"embeddable":true,"href":"https:\/\/www.coeurdefamille.com\/index.php\/wp-json\/wp\/v2\/users\/1"}],"replies":[{"embeddable":true,"href":"https:\/\/www.coeurdefamille.com\/index.php\/wp-json\/wp\/v2\/comments?post=108"}],"version-history":[{"count":10,"href":"https:\/\/www.coeurdefamille.com\/index.php\/wp-json\/wp\/v2\/pages\/108\/revisions"}],"predecessor-version":[{"id":403,"href":"https:\/\/www.coeurdefamille.com\/index.php\/wp-json\/wp\/v2\/pages\/108\/revisions\/403"}],"wp:attachment":[{"href":"https:\/\/www.coeurdefamille.com\/index.php\/wp-json\/wp\/v2\/media?parent=108"}],"curies":[{"name":"wp","href":"https:\/\/api.w.org\/{rel}","templated":true}]}}