{"id":111,"date":"2023-12-13T21:18:48","date_gmt":"2023-12-13T20:18:48","guid":{"rendered":"https:\/\/www.coeurdefamille.com\/?page_id=111"},"modified":"2024-07-10T19:03:51","modified_gmt":"2024-07-10T17:03:51","slug":"therapie-familiale","status":"publish","type":"page","link":"https:\/\/www.coeurdefamille.com\/index.php\/therapie-familiale\/","title":{"rendered":"THERAPIE FAMILIALE"},"content":{"rendered":"\n<p class=\"has-text-align-center\">La th\u00e9rapie familiale est une th\u00e9rapie, <em>en famille<\/em>. Elle r\u00e9unit tous les membres dans un m\u00eame cadre th\u00e9rapeutique.<\/p>\n\n\n\n<p class=\"has-text-align-center\"><strong>Pourquoi faire une th\u00e9rapie familiale ?<\/strong><\/p>\n\n\n\n<p class=\"has-text-align-center\">Elle s\u2019adresse aux familles dont un des membres pr\u00e9sente un sympt\u00f4me, un comportement qui affecte l\u2019ensemble des relations familiales (\u00e9checs scolaire, agressivit\u00e9, comportements \u00e0 risques, addictions, repli sur soi, disputes avec les autres membres de la famille, probl\u00e8me de sommeil, irritabilit\u00e9\u2026)<\/p>\n\n\n\n<p class=\"has-text-align-center\">Au-del\u00e0 du sympt\u00f4me, un \u00e9v\u00e9nement peut \u00e9galement venir bouleverser un membre de la famille (mariage, naissance, d\u00e9c\u00e8s).<\/p>\n\n\n\n<p class=\"has-text-align-center\">L&#8217;objectif de la th\u00e9rapie familiale est de renouer avec sa famille et de reconstruire de nouvelles bases pour trouver ou retrouver un \u00e9quilibre.<\/p>\n\n\n\n<p class=\"has-text-align-center\"><strong>Comment se d\u00e9roule la th\u00e9rapie familiale ?<\/strong><\/p>\n\n\n\n<p class=\"has-text-align-center\">Sans jugement , nous allons nous concentrer sur les relations et les interactions entre vous et chacun des membres de votre famille. Tout le monde a sa place et une place importante dans ce syst\u00e8me.<\/p>\n\n\n\n<p class=\"has-text-align-center\">Nous travaillerons sur vos liens, afin de vous permettre, parents et enfants, de mieux communiquer entre vous et de trouver de nouvelles r\u00e9ponses \u00e0 vos probl\u00e8mes, de nouveaux ajustements qui vous correspondent.<\/p>\n\n\n\n<p class=\"has-text-align-center\"><\/p>\n\n\n\n<blockquote class=\"wp-block-quote is-layout-flow wp-block-quote-is-layout-flow\">\n<p>\u00ab Une famille ne peut se poser que des probl\u00e8mes qu\u2019elle est capable de r\u00e9soudre \u00bb<\/p>\n\n\n\n<p> Guy Ausloos<\/p>\n<\/blockquote>\n\n\n\n<p><strong>Th\u00e9rapeute :<\/strong> Emmanuelle MAGRE<\/p>\n\n\n\n<p><strong>Tarif <\/strong>: 100 euros la s\u00e9ance<\/p>\n\n\n\n<p class=\"has-text-align-center\">Le nombre de s\u00e9ances est \u00e0 d\u00e9finir ensemble en fonction des besoins et de l\u2019\u00e9volution de la dynamique familiale.<\/p>\n\n\n\n<div class=\"wp-block-buttons is-layout-flex wp-block-buttons-is-layout-flex\">\n<div class=\"wp-block-button\"><a class=\"wp-block-button__link wp-element-button\" href=\"https:\/\/www.coeurdefamille.com\">Nos Th\u00e9rapies<\/a><\/div>\n<\/div>\n\n\n\n<div class=\"wp-block-buttons is-layout-flex wp-block-buttons-is-layout-flex\">\n<div class=\"wp-block-button\"><a class=\"wp-block-button__link wp-element-button\" href=\"https:\/\/www.coeurdefamille.com\/index.php\/contactez-nous\/\">Prendre rendez-vous <\/a><\/div>\n<\/div>\n","protected":false},"excerpt":{"rendered":"<p>La th\u00e9rapie familiale est une th\u00e9rapie, en famille. Elle r\u00e9unit tous les membres dans un m\u00eame cadre th\u00e9rapeutique. Pourquoi faire une th\u00e9rapie familiale ? Elle s\u2019adresse aux familles dont un des membres pr\u00e9sente un sympt\u00f4me, un comportement qui affecte l\u2019ensemble des relations familiales (\u00e9checs scolaire, agressivit\u00e9, comportements \u00e0 risques, addictions, repli sur soi, disputes avec [&hellip;]<\/p>\n","protected":false},"author":1,"featured_media":0,"parent":0,"menu_order":0,"comment_status":"closed","ping_status":"closed","template":"","meta":{"footnotes":""},"class_list":["post-111","page","type-page","status-publish","hentry"],"yoast_head":"<!-- This site is optimized with the Yoast SEO plugin v27.4 - https:\/\/yoast.com\/product\/yoast-seo-wordpress\/ -->\n<title>THERAPIE FAMILIALE - Coeur de famille<\/title>\n<meta name=\"robots\" content=\"index, follow, max-snippet:-1, max-image-preview:large, max-video-preview:-1\" \/>\n<link rel=\"canonical\" href=\"https:\/\/www.coeurdefamille.com\/index.php\/therapie-familiale\/\" \/>\n<meta property=\"og:locale\" content=\"en_US\" \/>\n<meta property=\"og:type\" content=\"article\" \/>\n<meta property=\"og:title\" content=\"THERAPIE FAMILIALE - Coeur de famille\" \/>\n<meta property=\"og:description\" content=\"La th\u00e9rapie familiale est une th\u00e9rapie, en famille. Elle r\u00e9unit tous les membres dans un m\u00eame cadre th\u00e9rapeutique. Pourquoi faire une th\u00e9rapie familiale ? Elle s\u2019adresse aux familles dont un des membres pr\u00e9sente un sympt\u00f4me, un comportement qui affecte l\u2019ensemble des relations familiales (\u00e9checs scolaire, agressivit\u00e9, comportements \u00e0 risques, addictions, repli sur soi, disputes avec [&hellip;]\" \/>\n<meta property=\"og:url\" content=\"https:\/\/www.coeurdefamille.com\/index.php\/therapie-familiale\/\" \/>\n<meta property=\"og:site_name\" content=\"Coeur de famille\" \/>\n<meta property=\"article:modified_time\" content=\"2024-07-10T17:03:51+00:00\" \/>\n<meta name=\"twitter:card\" content=\"summary_large_image\" \/>\n<meta name=\"twitter:label1\" content=\"Est. reading time\" \/>\n\t<meta name=\"twitter:data1\" content=\"1 minute\" \/>\n<script type=\"application\/ld+json\" class=\"yoast-schema-graph\">{\"@context\":\"https:\\\/\\\/schema.org\",\"@graph\":[{\"@type\":\"WebPage\",\"@id\":\"https:\\\/\\\/www.coeurdefamille.com\\\/index.php\\\/therapie-familiale\\\/\",\"url\":\"https:\\\/\\\/www.coeurdefamille.com\\\/index.php\\\/therapie-familiale\\\/\",\"name\":\"THERAPIE FAMILIALE - Coeur de famille\",\"isPartOf\":{\"@id\":\"https:\\\/\\\/www.coeurdefamille.com\\\/#website\"},\"datePublished\":\"2023-12-13T20:18:48+00:00\",\"dateModified\":\"2024-07-10T17:03:51+00:00\",\"breadcrumb\":{\"@id\":\"https:\\\/\\\/www.coeurdefamille.com\\\/index.php\\\/therapie-familiale\\\/#breadcrumb\"},\"inLanguage\":\"en-US\",\"potentialAction\":[{\"@type\":\"ReadAction\",\"target\":[\"https:\\\/\\\/www.coeurdefamille.com\\\/index.php\\\/therapie-familiale\\\/\"]}]},{\"@type\":\"BreadcrumbList\",\"@id\":\"https:\\\/\\\/www.coeurdefamille.com\\\/index.php\\\/therapie-familiale\\\/#breadcrumb\",\"itemListElement\":[{\"@type\":\"ListItem\",\"position\":1,\"name\":\"Accueil\",\"item\":\"https:\\\/\\\/www.coeurdefamille.com\\\/\"},{\"@type\":\"ListItem\",\"position\":2,\"name\":\"THERAPIE FAMILIALE\"}]},{\"@type\":\"WebSite\",\"@id\":\"https:\\\/\\\/www.coeurdefamille.com\\\/#website\",\"url\":\"https:\\\/\\\/www.coeurdefamille.com\\\/\",\"name\":\"Coeur de famille\",\"description\":\"Un site utilisant WordPress\",\"publisher\":{\"@id\":\"https:\\\/\\\/www.coeurdefamille.com\\\/#\\\/schema\\\/person\\\/ef8deef460ebfe19f6381b3156a6e3cb\"},\"potentialAction\":[{\"@type\":\"SearchAction\",\"target\":{\"@type\":\"EntryPoint\",\"urlTemplate\":\"https:\\\/\\\/www.coeurdefamille.com\\\/?s={search_term_string}\"},\"query-input\":{\"@type\":\"PropertyValueSpecification\",\"valueRequired\":true,\"valueName\":\"search_term_string\"}}],\"inLanguage\":\"en-US\"},{\"@type\":[\"Person\",\"Organization\"],\"@id\":\"https:\\\/\\\/www.coeurdefamille.com\\\/#\\\/schema\\\/person\\\/ef8deef460ebfe19f6381b3156a6e3cb\",\"name\":\"admin2165\",\"image\":{\"@type\":\"ImageObject\",\"inLanguage\":\"en-US\",\"@id\":\"https:\\\/\\\/www.coeurdefamille.com\\\/wp-content\\\/uploads\\\/2023\\\/12\\\/logo.png\",\"url\":\"https:\\\/\\\/www.coeurdefamille.com\\\/wp-content\\\/uploads\\\/2023\\\/12\\\/logo.png\",\"contentUrl\":\"https:\\\/\\\/www.coeurdefamille.com\\\/wp-content\\\/uploads\\\/2023\\\/12\\\/logo.png\",\"width\":500,\"height\":500,\"caption\":\"admin2165\"},\"logo\":{\"@id\":\"https:\\\/\\\/www.coeurdefamille.com\\\/wp-content\\\/uploads\\\/2023\\\/12\\\/logo.png\"},\"sameAs\":[\"http:\\\/\\\/www.coeurdefamille.com\",\"www.instagram.com\\\/coeurdefamille.therapie\"]}]}<\/script>\n<!-- \/ Yoast SEO plugin. -->","yoast_head_json":{"title":"THERAPIE FAMILIALE - Coeur de famille","robots":{"index":"index","follow":"follow","max-snippet":"max-snippet:-1","max-image-preview":"max-image-preview:large","max-video-preview":"max-video-preview:-1"},"canonical":"https:\/\/www.coeurdefamille.com\/index.php\/therapie-familiale\/","og_locale":"en_US","og_type":"article","og_title":"THERAPIE FAMILIALE - Coeur de famille","og_description":"La th\u00e9rapie familiale est une th\u00e9rapie, en famille. Elle r\u00e9unit tous les membres dans un m\u00eame cadre th\u00e9rapeutique. Pourquoi faire une th\u00e9rapie familiale ? Elle s\u2019adresse aux familles dont un des membres pr\u00e9sente un sympt\u00f4me, un comportement qui affecte l\u2019ensemble des relations familiales (\u00e9checs scolaire, agressivit\u00e9, comportements \u00e0 risques, addictions, repli sur soi, disputes avec [&hellip;]","og_url":"https:\/\/www.coeurdefamille.com\/index.php\/therapie-familiale\/","og_site_name":"Coeur de famille","article_modified_time":"2024-07-10T17:03:51+00:00","twitter_card":"summary_large_image","twitter_misc":{"Est. reading time":"1 minute"},"schema":{"@context":"https:\/\/schema.org","@graph":[{"@type":"WebPage","@id":"https:\/\/www.coeurdefamille.com\/index.php\/therapie-familiale\/","url":"https:\/\/www.coeurdefamille.com\/index.php\/therapie-familiale\/","name":"THERAPIE FAMILIALE - Coeur de famille","isPartOf":{"@id":"https:\/\/www.coeurdefamille.com\/#website"},"datePublished":"2023-12-13T20:18:48+00:00","dateModified":"2024-07-10T17:03:51+00:00","breadcrumb":{"@id":"https:\/\/www.coeurdefamille.com\/index.php\/therapie-familiale\/#breadcrumb"},"inLanguage":"en-US","potentialAction":[{"@type":"ReadAction","target":["https:\/\/www.coeurdefamille.com\/index.php\/therapie-familiale\/"]}]},{"@type":"BreadcrumbList","@id":"https:\/\/www.coeurdefamille.com\/index.php\/therapie-familiale\/#breadcrumb","itemListElement":[{"@type":"ListItem","position":1,"name":"Accueil","item":"https:\/\/www.coeurdefamille.com\/"},{"@type":"ListItem","position":2,"name":"THERAPIE FAMILIALE"}]},{"@type":"WebSite","@id":"https:\/\/www.coeurdefamille.com\/#website","url":"https:\/\/www.coeurdefamille.com\/","name":"Coeur de famille","description":"Un site utilisant WordPress","publisher":{"@id":"https:\/\/www.coeurdefamille.com\/#\/schema\/person\/ef8deef460ebfe19f6381b3156a6e3cb"},"potentialAction":[{"@type":"SearchAction","target":{"@type":"EntryPoint","urlTemplate":"https:\/\/www.coeurdefamille.com\/?s={search_term_string}"},"query-input":{"@type":"PropertyValueSpecification","valueRequired":true,"valueName":"search_term_string"}}],"inLanguage":"en-US"},{"@type":["Person","Organization"],"@id":"https:\/\/www.coeurdefamille.com\/#\/schema\/person\/ef8deef460ebfe19f6381b3156a6e3cb","name":"admin2165","image":{"@type":"ImageObject","inLanguage":"en-US","@id":"https:\/\/www.coeurdefamille.com\/wp-content\/uploads\/2023\/12\/logo.png","url":"https:\/\/www.coeurdefamille.com\/wp-content\/uploads\/2023\/12\/logo.png","contentUrl":"https:\/\/www.coeurdefamille.com\/wp-content\/uploads\/2023\/12\/logo.png","width":500,"height":500,"caption":"admin2165"},"logo":{"@id":"https:\/\/www.coeurdefamille.com\/wp-content\/uploads\/2023\/12\/logo.png"},"sameAs":["http:\/\/www.coeurdefamille.com","www.instagram.com\/coeurdefamille.therapie"]}]}},"_links":{"self":[{"href":"https:\/\/www.coeurdefamille.com\/index.php\/wp-json\/wp\/v2\/pages\/111","targetHints":{"allow":["GET"]}}],"collection":[{"href":"https:\/\/www.coeurdefamille.com\/index.php\/wp-json\/wp\/v2\/pages"}],"about":[{"href":"https:\/\/www.coeurdefamille.com\/index.php\/wp-json\/wp\/v2\/types\/page"}],"author":[{"embeddable":true,"href":"https:\/\/www.coeurdefamille.com\/index.php\/wp-json\/wp\/v2\/users\/1"}],"replies":[{"embeddable":true,"href":"https:\/\/www.coeurdefamille.com\/index.php\/wp-json\/wp\/v2\/comments?post=111"}],"version-history":[{"count":9,"href":"https:\/\/www.coeurdefamille.com\/index.php\/wp-json\/wp\/v2\/pages\/111\/revisions"}],"predecessor-version":[{"id":404,"href":"https:\/\/www.coeurdefamille.com\/index.php\/wp-json\/wp\/v2\/pages\/111\/revisions\/404"}],"wp:attachment":[{"href":"https:\/\/www.coeurdefamille.com\/index.php\/wp-json\/wp\/v2\/media?parent=111"}],"curies":[{"name":"wp","href":"https:\/\/api.w.org\/{rel}","templated":true}]}}