{"id":128,"date":"2023-12-13T21:24:12","date_gmt":"2023-12-13T20:24:12","guid":{"rendered":"https:\/\/www.coeurdefamille.com\/?page_id=128"},"modified":"2024-07-09T23:55:57","modified_gmt":"2024-07-09T21:55:57","slug":"mieux-vivre-son-adolescence","status":"publish","type":"page","link":"https:\/\/www.coeurdefamille.com\/index.php\/mieux-vivre-son-adolescence\/","title":{"rendered":"MIEUX VIVRE SON ADOLESCENCE, Th\u00e9rapie de l&#8217;adolescent"},"content":{"rendered":"\n<p><\/p>\n\n\n\n<p class=\"has-text-align-center\">La p\u00e9riode de l&#8217;adolescence est une \u00e9tape de notre existence complexe qui demande simultan\u00e9ment de renoncer \u00e0 l&#8217;enfant qui est en nous et de chercher l&#8217;adulte en devenir. Cette longue p\u00e9riode de transformation entre l&#8217;enfance et l&#8217;\u00e2ge adulte rev\u00eat de multiples aspects. Les changements physiques, psychiques, \u00e9motionnels qui s&#8217;imposent \u00e0 l&#8217;adolescent, sont sources d&#8217;un v\u00e9ritable potentiel mais aussi de grandes difficult\u00e9s. les modifications impactent directement l&#8217;individu mais aussi les membres de sa famille.<\/p>\n\n\n\n<p class=\"has-text-align-center\">Il est aussi important de prendre en consid\u00e9ration que la soci\u00e9t\u00e9 change et que l&#8217;adolescent d&#8217;aujourd&#8217;hui n&#8217;est plus l&#8217;adolescent d&#8217;hier. En effet, il a \u00e9t\u00e9 observ\u00e9 un rallongement de la dur\u00e9e de l&#8217;adolescence avec une pubert\u00e9 plus pr\u00e9coce chez les filles mais aussi chez les gar\u00e7ons. En parall\u00e8le, la transition vers l&#8217;\u00e2ge adulte s&#8217;allonge. En outre des changements physiques, les attitudes paradoxales se manifestent plus pr\u00e9cocement dans la vie de notre enfant. L&#8217;adolescent crie son besoin d&#8217;autonomie tout en demandant l&#8217;aide de ses parents.<\/p>\n\n\n\n<p class=\"has-text-align-center\"><strong>Comment alors aider son adolescent tout en lui laissant l&#8217;espace n\u00e9cessaire dont il a besoin pour sa construction ? Comment prendre soin de lui quand il nous \u00e9loigne de son quotidien ? <\/strong><\/p>\n\n\n\n<p class=\"has-text-align-center\">\u00catre th\u00e9rapeute pour adolescent, c&#8217;est proposer un espace de parole o\u00f9 le jeune peut-\u00eatre lui m\u00eame dans tous ses paradoxes et ses contradictions. L&#8217;absence de l&#8217;enjeu affectif qui se joue avec les parents permet de cr\u00e9er une relation de confiance et d&#8217;aider \u00e0 mettre des mots sur ce qui peut faire difficult\u00e9. <\/p>\n\n\n\n<p class=\"has-text-align-center\"><strong>Quand consulter un th\u00e9rapeute ? <\/strong><\/p>\n\n\n\n<p class=\"has-text-align-center\">Votre adolescent sera toujours dans une ambivalence concernant ses d\u00e9sirs et ses besoins. Il n&#8217;arrivera pas \u00e0 savoir comment prendre soin de lui.  En tant que parent vous savez si votre enfant montre des signes de mal \u00eatre. Vous pouvez aussi avoir l&#8217;impression d&#8217;\u00eatre dans une impasse dans votre relation. Vous pouvez alors lui proposer cet espace d&#8217;\u00e9coute dans lequel lui seul aura la parole.<\/p>\n\n\n\n<p><\/p>\n\n\n\n<p><strong>Th\u00e9rapeute: <\/strong>Marine DUPONT-SCHOTT<\/p>\n\n\n\n<p><br><strong>Tarif: <\/strong>55 euros la consultation d&#8217;environ 1h <\/p>\n\n\n\n<p><\/p>\n\n\n\n<p><\/p>\n\n\n\n<div class=\"wp-block-buttons is-layout-flex wp-block-buttons-is-layout-flex\">\n<div class=\"wp-block-button\"><a class=\"wp-block-button__link wp-element-button\">Nos Th\u00e9rapies<\/a><\/div>\n<\/div>\n\n\n\n<div class=\"wp-block-buttons is-layout-flex wp-block-buttons-is-layout-flex\">\n<div class=\"wp-block-button\"><a class=\"wp-block-button__link wp-element-button\">Rendez-vous en ligne<\/a><\/div>\n<\/div>\n","protected":false},"excerpt":{"rendered":"<p>La p\u00e9riode de l&#8217;adolescence est une \u00e9tape de notre existence complexe qui demande simultan\u00e9ment de renoncer \u00e0 l&#8217;enfant qui est en nous et de chercher l&#8217;adulte en devenir. Cette longue p\u00e9riode de transformation entre l&#8217;enfance et l&#8217;\u00e2ge adulte rev\u00eat de multiples aspects. Les changements physiques, psychiques, \u00e9motionnels qui s&#8217;imposent \u00e0 l&#8217;adolescent, sont sources d&#8217;un v\u00e9ritable [&hellip;]<\/p>\n","protected":false},"author":1,"featured_media":0,"parent":0,"menu_order":0,"comment_status":"closed","ping_status":"closed","template":"","meta":{"footnotes":""},"class_list":["post-128","page","type-page","status-publish","hentry"],"yoast_head":"<!-- This site is optimized with the Yoast SEO plugin v27.4 - https:\/\/yoast.com\/product\/yoast-seo-wordpress\/ -->\n<title>MIEUX VIVRE SON ADOLESCENCE, Th\u00e9rapie de l&#039;adolescent - Coeur de famille<\/title>\n<meta name=\"description\" content=\"th\u00e9rapeute de l&#039;enfant et de l&#039;adolescent, coeur de famille accompagne les adolescents dans leur construction\" \/>\n<meta name=\"robots\" content=\"index, follow, max-snippet:-1, max-image-preview:large, max-video-preview:-1\" \/>\n<link rel=\"canonical\" href=\"https:\/\/www.coeurdefamille.com\/index.php\/mieux-vivre-son-adolescence\/\" \/>\n<meta property=\"og:locale\" content=\"en_US\" \/>\n<meta property=\"og:type\" content=\"article\" \/>\n<meta property=\"og:title\" content=\"MIEUX VIVRE SON ADOLESCENCE, Th\u00e9rapie de l&#039;adolescent - Coeur de famille\" \/>\n<meta property=\"og:description\" content=\"th\u00e9rapeute de l&#039;enfant et de l&#039;adolescent, coeur de famille accompagne les adolescents dans leur construction\" \/>\n<meta property=\"og:url\" content=\"https:\/\/www.coeurdefamille.com\/index.php\/mieux-vivre-son-adolescence\/\" \/>\n<meta property=\"og:site_name\" content=\"Coeur de famille\" \/>\n<meta property=\"article:modified_time\" content=\"2024-07-09T21:55:57+00:00\" \/>\n<meta name=\"twitter:card\" content=\"summary_large_image\" \/>\n<meta name=\"twitter:label1\" content=\"Est. reading time\" \/>\n\t<meta name=\"twitter:data1\" content=\"2 minutes\" \/>\n<script type=\"application\/ld+json\" class=\"yoast-schema-graph\">{\"@context\":\"https:\\\/\\\/schema.org\",\"@graph\":[{\"@type\":\"WebPage\",\"@id\":\"https:\\\/\\\/www.coeurdefamille.com\\\/index.php\\\/mieux-vivre-son-adolescence\\\/\",\"url\":\"https:\\\/\\\/www.coeurdefamille.com\\\/index.php\\\/mieux-vivre-son-adolescence\\\/\",\"name\":\"MIEUX VIVRE SON ADOLESCENCE, Th\u00e9rapie de l'adolescent - Coeur de famille\",\"isPartOf\":{\"@id\":\"https:\\\/\\\/www.coeurdefamille.com\\\/#website\"},\"datePublished\":\"2023-12-13T20:24:12+00:00\",\"dateModified\":\"2024-07-09T21:55:57+00:00\",\"description\":\"th\u00e9rapeute de l'enfant et de l'adolescent, coeur de famille accompagne les adolescents dans leur construction\",\"breadcrumb\":{\"@id\":\"https:\\\/\\\/www.coeurdefamille.com\\\/index.php\\\/mieux-vivre-son-adolescence\\\/#breadcrumb\"},\"inLanguage\":\"en-US\",\"potentialAction\":[{\"@type\":\"ReadAction\",\"target\":[\"https:\\\/\\\/www.coeurdefamille.com\\\/index.php\\\/mieux-vivre-son-adolescence\\\/\"]}]},{\"@type\":\"BreadcrumbList\",\"@id\":\"https:\\\/\\\/www.coeurdefamille.com\\\/index.php\\\/mieux-vivre-son-adolescence\\\/#breadcrumb\",\"itemListElement\":[{\"@type\":\"ListItem\",\"position\":1,\"name\":\"Accueil\",\"item\":\"https:\\\/\\\/www.coeurdefamille.com\\\/\"},{\"@type\":\"ListItem\",\"position\":2,\"name\":\"MIEUX VIVRE SON ADOLESCENCE, Th\u00e9rapie de l&rsquo;adolescent\"}]},{\"@type\":\"WebSite\",\"@id\":\"https:\\\/\\\/www.coeurdefamille.com\\\/#website\",\"url\":\"https:\\\/\\\/www.coeurdefamille.com\\\/\",\"name\":\"Coeur de famille\",\"description\":\"Un site utilisant WordPress\",\"publisher\":{\"@id\":\"https:\\\/\\\/www.coeurdefamille.com\\\/#\\\/schema\\\/person\\\/ef8deef460ebfe19f6381b3156a6e3cb\"},\"potentialAction\":[{\"@type\":\"SearchAction\",\"target\":{\"@type\":\"EntryPoint\",\"urlTemplate\":\"https:\\\/\\\/www.coeurdefamille.com\\\/?s={search_term_string}\"},\"query-input\":{\"@type\":\"PropertyValueSpecification\",\"valueRequired\":true,\"valueName\":\"search_term_string\"}}],\"inLanguage\":\"en-US\"},{\"@type\":[\"Person\",\"Organization\"],\"@id\":\"https:\\\/\\\/www.coeurdefamille.com\\\/#\\\/schema\\\/person\\\/ef8deef460ebfe19f6381b3156a6e3cb\",\"name\":\"admin2165\",\"image\":{\"@type\":\"ImageObject\",\"inLanguage\":\"en-US\",\"@id\":\"https:\\\/\\\/www.coeurdefamille.com\\\/wp-content\\\/uploads\\\/2023\\\/12\\\/logo.png\",\"url\":\"https:\\\/\\\/www.coeurdefamille.com\\\/wp-content\\\/uploads\\\/2023\\\/12\\\/logo.png\",\"contentUrl\":\"https:\\\/\\\/www.coeurdefamille.com\\\/wp-content\\\/uploads\\\/2023\\\/12\\\/logo.png\",\"width\":500,\"height\":500,\"caption\":\"admin2165\"},\"logo\":{\"@id\":\"https:\\\/\\\/www.coeurdefamille.com\\\/wp-content\\\/uploads\\\/2023\\\/12\\\/logo.png\"},\"sameAs\":[\"http:\\\/\\\/www.coeurdefamille.com\",\"www.instagram.com\\\/coeurdefamille.therapie\"]}]}<\/script>\n<!-- \/ Yoast SEO plugin. -->","yoast_head_json":{"title":"MIEUX VIVRE SON ADOLESCENCE, Th\u00e9rapie de l'adolescent - Coeur de famille","description":"th\u00e9rapeute de l'enfant et de l'adolescent, coeur de famille accompagne les adolescents dans leur construction","robots":{"index":"index","follow":"follow","max-snippet":"max-snippet:-1","max-image-preview":"max-image-preview:large","max-video-preview":"max-video-preview:-1"},"canonical":"https:\/\/www.coeurdefamille.com\/index.php\/mieux-vivre-son-adolescence\/","og_locale":"en_US","og_type":"article","og_title":"MIEUX VIVRE SON ADOLESCENCE, Th\u00e9rapie de l'adolescent - Coeur de famille","og_description":"th\u00e9rapeute de l'enfant et de l'adolescent, coeur de famille accompagne les adolescents dans leur construction","og_url":"https:\/\/www.coeurdefamille.com\/index.php\/mieux-vivre-son-adolescence\/","og_site_name":"Coeur de famille","article_modified_time":"2024-07-09T21:55:57+00:00","twitter_card":"summary_large_image","twitter_misc":{"Est. reading time":"2 minutes"},"schema":{"@context":"https:\/\/schema.org","@graph":[{"@type":"WebPage","@id":"https:\/\/www.coeurdefamille.com\/index.php\/mieux-vivre-son-adolescence\/","url":"https:\/\/www.coeurdefamille.com\/index.php\/mieux-vivre-son-adolescence\/","name":"MIEUX VIVRE SON ADOLESCENCE, Th\u00e9rapie de l'adolescent - Coeur de famille","isPartOf":{"@id":"https:\/\/www.coeurdefamille.com\/#website"},"datePublished":"2023-12-13T20:24:12+00:00","dateModified":"2024-07-09T21:55:57+00:00","description":"th\u00e9rapeute de l'enfant et de l'adolescent, coeur de famille accompagne les adolescents dans leur construction","breadcrumb":{"@id":"https:\/\/www.coeurdefamille.com\/index.php\/mieux-vivre-son-adolescence\/#breadcrumb"},"inLanguage":"en-US","potentialAction":[{"@type":"ReadAction","target":["https:\/\/www.coeurdefamille.com\/index.php\/mieux-vivre-son-adolescence\/"]}]},{"@type":"BreadcrumbList","@id":"https:\/\/www.coeurdefamille.com\/index.php\/mieux-vivre-son-adolescence\/#breadcrumb","itemListElement":[{"@type":"ListItem","position":1,"name":"Accueil","item":"https:\/\/www.coeurdefamille.com\/"},{"@type":"ListItem","position":2,"name":"MIEUX VIVRE SON ADOLESCENCE, Th\u00e9rapie de l&rsquo;adolescent"}]},{"@type":"WebSite","@id":"https:\/\/www.coeurdefamille.com\/#website","url":"https:\/\/www.coeurdefamille.com\/","name":"Coeur de famille","description":"Un site utilisant WordPress","publisher":{"@id":"https:\/\/www.coeurdefamille.com\/#\/schema\/person\/ef8deef460ebfe19f6381b3156a6e3cb"},"potentialAction":[{"@type":"SearchAction","target":{"@type":"EntryPoint","urlTemplate":"https:\/\/www.coeurdefamille.com\/?s={search_term_string}"},"query-input":{"@type":"PropertyValueSpecification","valueRequired":true,"valueName":"search_term_string"}}],"inLanguage":"en-US"},{"@type":["Person","Organization"],"@id":"https:\/\/www.coeurdefamille.com\/#\/schema\/person\/ef8deef460ebfe19f6381b3156a6e3cb","name":"admin2165","image":{"@type":"ImageObject","inLanguage":"en-US","@id":"https:\/\/www.coeurdefamille.com\/wp-content\/uploads\/2023\/12\/logo.png","url":"https:\/\/www.coeurdefamille.com\/wp-content\/uploads\/2023\/12\/logo.png","contentUrl":"https:\/\/www.coeurdefamille.com\/wp-content\/uploads\/2023\/12\/logo.png","width":500,"height":500,"caption":"admin2165"},"logo":{"@id":"https:\/\/www.coeurdefamille.com\/wp-content\/uploads\/2023\/12\/logo.png"},"sameAs":["http:\/\/www.coeurdefamille.com","www.instagram.com\/coeurdefamille.therapie"]}]}},"_links":{"self":[{"href":"https:\/\/www.coeurdefamille.com\/index.php\/wp-json\/wp\/v2\/pages\/128","targetHints":{"allow":["GET"]}}],"collection":[{"href":"https:\/\/www.coeurdefamille.com\/index.php\/wp-json\/wp\/v2\/pages"}],"about":[{"href":"https:\/\/www.coeurdefamille.com\/index.php\/wp-json\/wp\/v2\/types\/page"}],"author":[{"embeddable":true,"href":"https:\/\/www.coeurdefamille.com\/index.php\/wp-json\/wp\/v2\/users\/1"}],"replies":[{"embeddable":true,"href":"https:\/\/www.coeurdefamille.com\/index.php\/wp-json\/wp\/v2\/comments?post=128"}],"version-history":[{"count":12,"href":"https:\/\/www.coeurdefamille.com\/index.php\/wp-json\/wp\/v2\/pages\/128\/revisions"}],"predecessor-version":[{"id":390,"href":"https:\/\/www.coeurdefamille.com\/index.php\/wp-json\/wp\/v2\/pages\/128\/revisions\/390"}],"wp:attachment":[{"href":"https:\/\/www.coeurdefamille.com\/index.php\/wp-json\/wp\/v2\/media?parent=128"}],"curies":[{"name":"wp","href":"https:\/\/api.w.org\/{rel}","templated":true}]}}