{"id":132,"date":"2023-12-13T21:29:13","date_gmt":"2023-12-13T20:29:13","guid":{"rendered":"https:\/\/www.coeurdefamille.com\/?page_id=132"},"modified":"2024-07-10T19:00:20","modified_gmt":"2024-07-10T17:00:20","slug":"soutien-a-la-parentalite","status":"publish","type":"page","link":"https:\/\/www.coeurdefamille.com\/index.php\/soutien-a-la-parentalite\/","title":{"rendered":"SOUTIEN A LA PARENTALITE"},"content":{"rendered":"\n<p class=\"has-text-align-center\">Le mot \u00ab&nbsp;parentalit\u00e9&nbsp;\u00bb est un terme r\u00e9cent dans la soci\u00e9t\u00e9. Il rentre dans la langue courante comme \u00ab&nbsp;nom f\u00e9minin en 1985 renvoyant \u00e0 la qualit\u00e9 de parent, de p\u00e8re, de m\u00e8re&nbsp;\u00bb.<\/p>\n\n\n\n<p class=\"has-text-align-center\">Nous apprenons \u00e0 devenir parent avec notre enfant, ce parcours se construit tout au long d&#8217;une vie. Mais comment faire face aux difficult\u00e9s et aux questionnements qui accompagnent ce statut ? Comment s&#8217;adapter aux attentes parfois fortes de la soci\u00e9t\u00e9 ou de l&#8217;entourage ? Comment faire face \u00e0 l&#8217;image du parent id\u00e9al?<\/p>\n\n\n\n<p class=\"has-text-align-center\"><strong>Pourquoi parler de soutien \u00e0 la parentalit\u00e9 ?<\/strong> <\/p>\n\n\n\n<p class=\"has-text-align-center\"> Notre objectif est de vous proposer un espace d&#8217;\u00e9coute et de parole pour analyser et faire \u00e9voluer votre situation familiale, vous soutenir dans votre r\u00f4le et votre statut aupr\u00e8s de vos enfants et enfin vous accompagner pour favoriser leur bon d\u00e9veloppement. Nous vous proposons un temps personnalis\u00e9, avec une \u00e9coute active et bienveillante dans le respect de vos valeurs. <\/p>\n\n\n\n<p class=\"has-text-align-center\">Nous intervenons de la p\u00e9rinatalit\u00e9 jusqu\u2019\u00e0 l\u2019entr\u00e9e dans la vie adulte et accompagnons les parents \u00e0 partir de leurs besoins et de ceux de leurs enfants, de leur contexte de vie et de leurs questionnements. <\/p>\n\n\n\n<p class=\"has-text-align-center\"><\/p>\n\n\n\n<p><strong>Th\u00e9rapeute :<\/strong> Marine DUPONT-SCHOTT ou Emmanuelle MAGRE en fonction de vos disponibilit\u00e9s<\/p>\n\n\n\n<p><strong>Tarif:<\/strong> 55 euros s\u00e9ance d&#8217;environ 1h<\/p>\n\n\n\n<div class=\"wp-block-buttons is-layout-flex wp-block-buttons-is-layout-flex\">\n<div class=\"wp-block-button\"><a class=\"wp-block-button__link wp-element-button\" href=\"https:\/\/www.coeurdefamille.com\/\">Nos Th\u00e9rapies<\/a><\/div>\n<\/div>\n\n\n\n<div class=\"wp-block-buttons is-layout-flex wp-block-buttons-is-layout-flex\">\n<div class=\"wp-block-button\"><a class=\"wp-block-button__link wp-element-button\" href=\"https:\/\/www.coeurdefamille.com\/wp-admin\/post.php?post=44&amp;action=edit\">Prendre Rendez-vous<\/a><\/div>\n<\/div>\n","protected":false},"excerpt":{"rendered":"<p>Le mot \u00ab&nbsp;parentalit\u00e9&nbsp;\u00bb est un terme r\u00e9cent dans la soci\u00e9t\u00e9. Il rentre dans la langue courante comme \u00ab&nbsp;nom f\u00e9minin en 1985 renvoyant \u00e0 la qualit\u00e9 de parent, de p\u00e8re, de m\u00e8re&nbsp;\u00bb. Nous apprenons \u00e0 devenir parent avec notre enfant, ce parcours se construit tout au long d&#8217;une vie. Mais comment faire face aux difficult\u00e9s et [&hellip;]<\/p>\n","protected":false},"author":1,"featured_media":0,"parent":0,"menu_order":0,"comment_status":"closed","ping_status":"closed","template":"","meta":{"footnotes":""},"class_list":["post-132","page","type-page","status-publish","hentry"],"yoast_head":"<!-- This site is optimized with the Yoast SEO plugin v27.4 - https:\/\/yoast.com\/product\/yoast-seo-wordpress\/ -->\n<title>SOUTIEN A LA PARENTALITE - Coeur de famille<\/title>\n<meta name=\"description\" content=\"coeur de famille vous accompagne dans votre role de parent , comment accompagner et aider nos enfants \u00e0 bien grandir, comment devenir parent\" \/>\n<meta name=\"robots\" content=\"index, follow, max-snippet:-1, max-image-preview:large, max-video-preview:-1\" \/>\n<link rel=\"canonical\" href=\"https:\/\/www.coeurdefamille.com\/index.php\/soutien-a-la-parentalite\/\" \/>\n<meta property=\"og:locale\" content=\"en_US\" \/>\n<meta property=\"og:type\" content=\"article\" \/>\n<meta property=\"og:title\" content=\"SOUTIEN A LA PARENTALITE - Coeur de famille\" \/>\n<meta property=\"og:description\" content=\"coeur de famille vous accompagne dans votre role de parent , comment accompagner et aider nos enfants \u00e0 bien grandir, comment devenir parent\" \/>\n<meta property=\"og:url\" content=\"https:\/\/www.coeurdefamille.com\/index.php\/soutien-a-la-parentalite\/\" \/>\n<meta property=\"og:site_name\" content=\"Coeur de famille\" \/>\n<meta property=\"article:modified_time\" content=\"2024-07-10T17:00:20+00:00\" \/>\n<meta name=\"twitter:card\" content=\"summary_large_image\" \/>\n<meta name=\"twitter:label1\" content=\"Est. reading time\" \/>\n\t<meta name=\"twitter:data1\" content=\"1 minute\" \/>\n<script type=\"application\/ld+json\" class=\"yoast-schema-graph\">{\"@context\":\"https:\\\/\\\/schema.org\",\"@graph\":[{\"@type\":\"WebPage\",\"@id\":\"https:\\\/\\\/www.coeurdefamille.com\\\/index.php\\\/soutien-a-la-parentalite\\\/\",\"url\":\"https:\\\/\\\/www.coeurdefamille.com\\\/index.php\\\/soutien-a-la-parentalite\\\/\",\"name\":\"SOUTIEN A LA PARENTALITE - Coeur de famille\",\"isPartOf\":{\"@id\":\"https:\\\/\\\/www.coeurdefamille.com\\\/#website\"},\"datePublished\":\"2023-12-13T20:29:13+00:00\",\"dateModified\":\"2024-07-10T17:00:20+00:00\",\"description\":\"coeur de famille vous accompagne dans votre role de parent , comment accompagner et aider nos enfants \u00e0 bien grandir, comment devenir parent\",\"breadcrumb\":{\"@id\":\"https:\\\/\\\/www.coeurdefamille.com\\\/index.php\\\/soutien-a-la-parentalite\\\/#breadcrumb\"},\"inLanguage\":\"en-US\",\"potentialAction\":[{\"@type\":\"ReadAction\",\"target\":[\"https:\\\/\\\/www.coeurdefamille.com\\\/index.php\\\/soutien-a-la-parentalite\\\/\"]}]},{\"@type\":\"BreadcrumbList\",\"@id\":\"https:\\\/\\\/www.coeurdefamille.com\\\/index.php\\\/soutien-a-la-parentalite\\\/#breadcrumb\",\"itemListElement\":[{\"@type\":\"ListItem\",\"position\":1,\"name\":\"Accueil\",\"item\":\"https:\\\/\\\/www.coeurdefamille.com\\\/\"},{\"@type\":\"ListItem\",\"position\":2,\"name\":\"SOUTIEN A LA PARENTALITE\"}]},{\"@type\":\"WebSite\",\"@id\":\"https:\\\/\\\/www.coeurdefamille.com\\\/#website\",\"url\":\"https:\\\/\\\/www.coeurdefamille.com\\\/\",\"name\":\"Coeur de famille\",\"description\":\"Un site utilisant WordPress\",\"publisher\":{\"@id\":\"https:\\\/\\\/www.coeurdefamille.com\\\/#\\\/schema\\\/person\\\/ef8deef460ebfe19f6381b3156a6e3cb\"},\"potentialAction\":[{\"@type\":\"SearchAction\",\"target\":{\"@type\":\"EntryPoint\",\"urlTemplate\":\"https:\\\/\\\/www.coeurdefamille.com\\\/?s={search_term_string}\"},\"query-input\":{\"@type\":\"PropertyValueSpecification\",\"valueRequired\":true,\"valueName\":\"search_term_string\"}}],\"inLanguage\":\"en-US\"},{\"@type\":[\"Person\",\"Organization\"],\"@id\":\"https:\\\/\\\/www.coeurdefamille.com\\\/#\\\/schema\\\/person\\\/ef8deef460ebfe19f6381b3156a6e3cb\",\"name\":\"admin2165\",\"image\":{\"@type\":\"ImageObject\",\"inLanguage\":\"en-US\",\"@id\":\"https:\\\/\\\/www.coeurdefamille.com\\\/wp-content\\\/uploads\\\/2023\\\/12\\\/logo.png\",\"url\":\"https:\\\/\\\/www.coeurdefamille.com\\\/wp-content\\\/uploads\\\/2023\\\/12\\\/logo.png\",\"contentUrl\":\"https:\\\/\\\/www.coeurdefamille.com\\\/wp-content\\\/uploads\\\/2023\\\/12\\\/logo.png\",\"width\":500,\"height\":500,\"caption\":\"admin2165\"},\"logo\":{\"@id\":\"https:\\\/\\\/www.coeurdefamille.com\\\/wp-content\\\/uploads\\\/2023\\\/12\\\/logo.png\"},\"sameAs\":[\"http:\\\/\\\/www.coeurdefamille.com\",\"www.instagram.com\\\/coeurdefamille.therapie\"]}]}<\/script>\n<!-- \/ Yoast SEO plugin. -->","yoast_head_json":{"title":"SOUTIEN A LA PARENTALITE - Coeur de famille","description":"coeur de famille vous accompagne dans votre role de parent , comment accompagner et aider nos enfants \u00e0 bien grandir, comment devenir parent","robots":{"index":"index","follow":"follow","max-snippet":"max-snippet:-1","max-image-preview":"max-image-preview:large","max-video-preview":"max-video-preview:-1"},"canonical":"https:\/\/www.coeurdefamille.com\/index.php\/soutien-a-la-parentalite\/","og_locale":"en_US","og_type":"article","og_title":"SOUTIEN A LA PARENTALITE - Coeur de famille","og_description":"coeur de famille vous accompagne dans votre role de parent , comment accompagner et aider nos enfants \u00e0 bien grandir, comment devenir parent","og_url":"https:\/\/www.coeurdefamille.com\/index.php\/soutien-a-la-parentalite\/","og_site_name":"Coeur de famille","article_modified_time":"2024-07-10T17:00:20+00:00","twitter_card":"summary_large_image","twitter_misc":{"Est. reading time":"1 minute"},"schema":{"@context":"https:\/\/schema.org","@graph":[{"@type":"WebPage","@id":"https:\/\/www.coeurdefamille.com\/index.php\/soutien-a-la-parentalite\/","url":"https:\/\/www.coeurdefamille.com\/index.php\/soutien-a-la-parentalite\/","name":"SOUTIEN A LA PARENTALITE - Coeur de famille","isPartOf":{"@id":"https:\/\/www.coeurdefamille.com\/#website"},"datePublished":"2023-12-13T20:29:13+00:00","dateModified":"2024-07-10T17:00:20+00:00","description":"coeur de famille vous accompagne dans votre role de parent , comment accompagner et aider nos enfants \u00e0 bien grandir, comment devenir parent","breadcrumb":{"@id":"https:\/\/www.coeurdefamille.com\/index.php\/soutien-a-la-parentalite\/#breadcrumb"},"inLanguage":"en-US","potentialAction":[{"@type":"ReadAction","target":["https:\/\/www.coeurdefamille.com\/index.php\/soutien-a-la-parentalite\/"]}]},{"@type":"BreadcrumbList","@id":"https:\/\/www.coeurdefamille.com\/index.php\/soutien-a-la-parentalite\/#breadcrumb","itemListElement":[{"@type":"ListItem","position":1,"name":"Accueil","item":"https:\/\/www.coeurdefamille.com\/"},{"@type":"ListItem","position":2,"name":"SOUTIEN A LA PARENTALITE"}]},{"@type":"WebSite","@id":"https:\/\/www.coeurdefamille.com\/#website","url":"https:\/\/www.coeurdefamille.com\/","name":"Coeur de famille","description":"Un site utilisant WordPress","publisher":{"@id":"https:\/\/www.coeurdefamille.com\/#\/schema\/person\/ef8deef460ebfe19f6381b3156a6e3cb"},"potentialAction":[{"@type":"SearchAction","target":{"@type":"EntryPoint","urlTemplate":"https:\/\/www.coeurdefamille.com\/?s={search_term_string}"},"query-input":{"@type":"PropertyValueSpecification","valueRequired":true,"valueName":"search_term_string"}}],"inLanguage":"en-US"},{"@type":["Person","Organization"],"@id":"https:\/\/www.coeurdefamille.com\/#\/schema\/person\/ef8deef460ebfe19f6381b3156a6e3cb","name":"admin2165","image":{"@type":"ImageObject","inLanguage":"en-US","@id":"https:\/\/www.coeurdefamille.com\/wp-content\/uploads\/2023\/12\/logo.png","url":"https:\/\/www.coeurdefamille.com\/wp-content\/uploads\/2023\/12\/logo.png","contentUrl":"https:\/\/www.coeurdefamille.com\/wp-content\/uploads\/2023\/12\/logo.png","width":500,"height":500,"caption":"admin2165"},"logo":{"@id":"https:\/\/www.coeurdefamille.com\/wp-content\/uploads\/2023\/12\/logo.png"},"sameAs":["http:\/\/www.coeurdefamille.com","www.instagram.com\/coeurdefamille.therapie"]}]}},"_links":{"self":[{"href":"https:\/\/www.coeurdefamille.com\/index.php\/wp-json\/wp\/v2\/pages\/132","targetHints":{"allow":["GET"]}}],"collection":[{"href":"https:\/\/www.coeurdefamille.com\/index.php\/wp-json\/wp\/v2\/pages"}],"about":[{"href":"https:\/\/www.coeurdefamille.com\/index.php\/wp-json\/wp\/v2\/types\/page"}],"author":[{"embeddable":true,"href":"https:\/\/www.coeurdefamille.com\/index.php\/wp-json\/wp\/v2\/users\/1"}],"replies":[{"embeddable":true,"href":"https:\/\/www.coeurdefamille.com\/index.php\/wp-json\/wp\/v2\/comments?post=132"}],"version-history":[{"count":13,"href":"https:\/\/www.coeurdefamille.com\/index.php\/wp-json\/wp\/v2\/pages\/132\/revisions"}],"predecessor-version":[{"id":401,"href":"https:\/\/www.coeurdefamille.com\/index.php\/wp-json\/wp\/v2\/pages\/132\/revisions\/401"}],"wp:attachment":[{"href":"https:\/\/www.coeurdefamille.com\/index.php\/wp-json\/wp\/v2\/media?parent=132"}],"curies":[{"name":"wp","href":"https:\/\/api.w.org\/{rel}","templated":true}]}}