{"id":138,"date":"2023-12-13T21:36:25","date_gmt":"2023-12-13T20:36:25","guid":{"rendered":"https:\/\/www.coeurdefamille.com\/?page_id=138"},"modified":"2024-07-10T19:02:06","modified_gmt":"2024-07-10T17:02:06","slug":"tarifs","status":"publish","type":"page","link":"https:\/\/www.coeurdefamille.com\/index.php\/tarifs\/","title":{"rendered":"TARIFS"},"content":{"rendered":"\n<div class=\"wp-block-columns is-layout-flex wp-container-core-columns-is-layout-28f84493 wp-block-columns-is-layout-flex\">\n<div class=\"wp-block-column is-layout-flow wp-block-column-is-layout-flow\" style=\"flex-basis:100%\">\n<div class=\"wp-block-group is-layout-constrained wp-block-group-is-layout-constrained\">\n<figure class=\"wp-block-table\"><table><tbody><tr><td><strong>NOS THERAPIES<\/strong><\/td><td class=\"has-text-align-right\" data-align=\"right\"><strong>TARIFS par s\u00e9ance d environ 1h<\/strong><\/td><\/tr><tr><td><mark style=\"background-color:rgba(0, 0, 0, 0);color:#f1772e\" class=\"has-inline-color\"> <a href=\"https:\/\/www.coeurdefamille.com\/index.php\/bebe-sommeil\/\" data-type=\"page\" data-id=\"99\">BEBE SOMMEIL<\/a><\/mark><\/td><td class=\"has-text-align-right\" data-align=\"right\">65 euros<\/td><\/tr><tr><td><a data-type=\"page\" data-id=\"105\" href=\"https:\/\/www.coeurdefamille.com\/index.php\/bien-grandir\/\">BIEN GRANDIR<\/a><br>Th\u00e9rapie de l&#8217;enfant <\/td><td class=\"has-text-align-right\" data-align=\"right\">55 euros<\/td><\/tr><tr><td><a data-type=\"page\" data-id=\"128\" href=\"https:\/\/www.coeurdefamille.com\/index.php\/mieux-vivre-son-adolescence\/\">MIEUX VIVRE SON ADOLESCENCE<\/a><br>Th\u00e9rapie de l&#8217;adolescent<\/td><td class=\"has-text-align-right\" data-align=\"right\">55 euros<\/td><\/tr><tr><td><a href=\"https:\/\/www.coeurdefamille.com\/index.php\/soutien-a-la-parentalite\/\" data-type=\"page\" data-id=\"132\">SOUTIEN A LA PARENTALITE<\/a><\/td><td class=\"has-text-align-right\" data-align=\"right\">55 euros<\/td><\/tr><tr><td><a href=\"https:\/\/www.coeurdefamille.com\/index.php\/therapie-de-couple\/\" data-type=\"page\" data-id=\"108\">THERAPIE DE COUPLE<\/a><\/td><td class=\"has-text-align-right\" data-align=\"right\">80 euros<\/td><\/tr><tr><td><a href=\"https:\/\/www.coeurdefamille.com\/index.php\/therapie-familiale\/\" data-type=\"page\" data-id=\"111\">THERAPIE FAMILIALE<\/a><\/td><td class=\"has-text-align-right\" data-align=\"right\">100 euros<\/td><\/tr><\/tbody><\/table><\/figure>\n<\/div>\n<\/div>\n<\/div>\n\n\n\n<div class=\"wp-block-group is-layout-constrained wp-block-group-is-layout-constrained\">\n<div class=\"wp-block-buttons is-layout-flex wp-block-buttons-is-layout-flex\">\n<div class=\"wp-block-button\"><a class=\"wp-block-button__link wp-element-button\" href=\"https:\/\/www.coeurdefamille.com\/index.php\/contactez-nous\/\">Contact<\/a><\/div>\n<\/div>\n<\/div>\n\n\n\n<div class=\"wp-block-buttons is-layout-flex wp-block-buttons-is-layout-flex\">\n<div class=\"wp-block-button\"><a class=\"wp-block-button__link wp-element-button\" href=\"https:\/\/www.coeurdefamille.com\/index.php\/contactez-nous\/\">Prendre rendez-vous<\/a><\/div>\n<\/div>\n","protected":false},"excerpt":{"rendered":"<p>NOS THERAPIES TARIFS par s\u00e9ance d environ 1h BEBE SOMMEIL 65 euros BIEN GRANDIRTh\u00e9rapie de l&#8217;enfant 55 euros MIEUX VIVRE SON ADOLESCENCETh\u00e9rapie de l&#8217;adolescent 55 euros SOUTIEN A LA PARENTALITE 55 euros THERAPIE DE COUPLE 80 euros THERAPIE FAMILIALE 100 euros<\/p>\n","protected":false},"author":1,"featured_media":0,"parent":0,"menu_order":0,"comment_status":"closed","ping_status":"closed","template":"","meta":{"footnotes":""},"class_list":["post-138","page","type-page","status-publish","hentry"],"yoast_head":"<!-- This site is optimized with the Yoast SEO plugin v27.4 - https:\/\/yoast.com\/product\/yoast-seo-wordpress\/ -->\n<title>TARIFS - Coeur de famille<\/title>\n<meta name=\"description\" content=\"les tarifs varient en fonction de la th\u00e9rapie , th\u00e9rapie de couple, th\u00e9rapie de la famille, th\u00e9rapie de l&#039;enfant, th\u00e9rapie de l&#039;adolescent\" \/>\n<meta name=\"robots\" content=\"index, follow, max-snippet:-1, max-image-preview:large, max-video-preview:-1\" \/>\n<link rel=\"canonical\" href=\"https:\/\/www.coeurdefamille.com\/index.php\/tarifs\/\" \/>\n<meta property=\"og:locale\" content=\"en_US\" \/>\n<meta property=\"og:type\" content=\"article\" \/>\n<meta property=\"og:title\" content=\"TARIFS - Coeur de famille\" \/>\n<meta property=\"og:description\" content=\"les tarifs varient en fonction de la th\u00e9rapie , th\u00e9rapie de couple, th\u00e9rapie de la famille, th\u00e9rapie de l&#039;enfant, th\u00e9rapie de l&#039;adolescent\" \/>\n<meta property=\"og:url\" content=\"https:\/\/www.coeurdefamille.com\/index.php\/tarifs\/\" \/>\n<meta property=\"og:site_name\" content=\"Coeur de famille\" \/>\n<meta property=\"article:modified_time\" content=\"2024-07-10T17:02:06+00:00\" \/>\n<meta name=\"twitter:card\" content=\"summary_large_image\" \/>\n<meta name=\"twitter:label1\" content=\"Est. reading time\" \/>\n\t<meta name=\"twitter:data1\" content=\"1 minute\" \/>\n<script type=\"application\/ld+json\" class=\"yoast-schema-graph\">{\"@context\":\"https:\\\/\\\/schema.org\",\"@graph\":[{\"@type\":\"WebPage\",\"@id\":\"https:\\\/\\\/www.coeurdefamille.com\\\/index.php\\\/tarifs\\\/\",\"url\":\"https:\\\/\\\/www.coeurdefamille.com\\\/index.php\\\/tarifs\\\/\",\"name\":\"TARIFS - Coeur de famille\",\"isPartOf\":{\"@id\":\"https:\\\/\\\/www.coeurdefamille.com\\\/#website\"},\"datePublished\":\"2023-12-13T20:36:25+00:00\",\"dateModified\":\"2024-07-10T17:02:06+00:00\",\"description\":\"les tarifs varient en fonction de la th\u00e9rapie , th\u00e9rapie de couple, th\u00e9rapie de la famille, th\u00e9rapie de l'enfant, th\u00e9rapie de l'adolescent\",\"breadcrumb\":{\"@id\":\"https:\\\/\\\/www.coeurdefamille.com\\\/index.php\\\/tarifs\\\/#breadcrumb\"},\"inLanguage\":\"en-US\",\"potentialAction\":[{\"@type\":\"ReadAction\",\"target\":[\"https:\\\/\\\/www.coeurdefamille.com\\\/index.php\\\/tarifs\\\/\"]}]},{\"@type\":\"BreadcrumbList\",\"@id\":\"https:\\\/\\\/www.coeurdefamille.com\\\/index.php\\\/tarifs\\\/#breadcrumb\",\"itemListElement\":[{\"@type\":\"ListItem\",\"position\":1,\"name\":\"Accueil\",\"item\":\"https:\\\/\\\/www.coeurdefamille.com\\\/\"},{\"@type\":\"ListItem\",\"position\":2,\"name\":\"TARIFS\"}]},{\"@type\":\"WebSite\",\"@id\":\"https:\\\/\\\/www.coeurdefamille.com\\\/#website\",\"url\":\"https:\\\/\\\/www.coeurdefamille.com\\\/\",\"name\":\"Coeur de famille\",\"description\":\"Un site utilisant WordPress\",\"publisher\":{\"@id\":\"https:\\\/\\\/www.coeurdefamille.com\\\/#\\\/schema\\\/person\\\/ef8deef460ebfe19f6381b3156a6e3cb\"},\"potentialAction\":[{\"@type\":\"SearchAction\",\"target\":{\"@type\":\"EntryPoint\",\"urlTemplate\":\"https:\\\/\\\/www.coeurdefamille.com\\\/?s={search_term_string}\"},\"query-input\":{\"@type\":\"PropertyValueSpecification\",\"valueRequired\":true,\"valueName\":\"search_term_string\"}}],\"inLanguage\":\"en-US\"},{\"@type\":[\"Person\",\"Organization\"],\"@id\":\"https:\\\/\\\/www.coeurdefamille.com\\\/#\\\/schema\\\/person\\\/ef8deef460ebfe19f6381b3156a6e3cb\",\"name\":\"admin2165\",\"image\":{\"@type\":\"ImageObject\",\"inLanguage\":\"en-US\",\"@id\":\"https:\\\/\\\/www.coeurdefamille.com\\\/wp-content\\\/uploads\\\/2023\\\/12\\\/logo.png\",\"url\":\"https:\\\/\\\/www.coeurdefamille.com\\\/wp-content\\\/uploads\\\/2023\\\/12\\\/logo.png\",\"contentUrl\":\"https:\\\/\\\/www.coeurdefamille.com\\\/wp-content\\\/uploads\\\/2023\\\/12\\\/logo.png\",\"width\":500,\"height\":500,\"caption\":\"admin2165\"},\"logo\":{\"@id\":\"https:\\\/\\\/www.coeurdefamille.com\\\/wp-content\\\/uploads\\\/2023\\\/12\\\/logo.png\"},\"sameAs\":[\"http:\\\/\\\/www.coeurdefamille.com\",\"www.instagram.com\\\/coeurdefamille.therapie\"]}]}<\/script>\n<!-- \/ Yoast SEO plugin. -->","yoast_head_json":{"title":"TARIFS - Coeur de famille","description":"les tarifs varient en fonction de la th\u00e9rapie , th\u00e9rapie de couple, th\u00e9rapie de la famille, th\u00e9rapie de l'enfant, th\u00e9rapie de l'adolescent","robots":{"index":"index","follow":"follow","max-snippet":"max-snippet:-1","max-image-preview":"max-image-preview:large","max-video-preview":"max-video-preview:-1"},"canonical":"https:\/\/www.coeurdefamille.com\/index.php\/tarifs\/","og_locale":"en_US","og_type":"article","og_title":"TARIFS - Coeur de famille","og_description":"les tarifs varient en fonction de la th\u00e9rapie , th\u00e9rapie de couple, th\u00e9rapie de la famille, th\u00e9rapie de l'enfant, th\u00e9rapie de l'adolescent","og_url":"https:\/\/www.coeurdefamille.com\/index.php\/tarifs\/","og_site_name":"Coeur de famille","article_modified_time":"2024-07-10T17:02:06+00:00","twitter_card":"summary_large_image","twitter_misc":{"Est. reading time":"1 minute"},"schema":{"@context":"https:\/\/schema.org","@graph":[{"@type":"WebPage","@id":"https:\/\/www.coeurdefamille.com\/index.php\/tarifs\/","url":"https:\/\/www.coeurdefamille.com\/index.php\/tarifs\/","name":"TARIFS - Coeur de famille","isPartOf":{"@id":"https:\/\/www.coeurdefamille.com\/#website"},"datePublished":"2023-12-13T20:36:25+00:00","dateModified":"2024-07-10T17:02:06+00:00","description":"les tarifs varient en fonction de la th\u00e9rapie , th\u00e9rapie de couple, th\u00e9rapie de la famille, th\u00e9rapie de l'enfant, th\u00e9rapie de l'adolescent","breadcrumb":{"@id":"https:\/\/www.coeurdefamille.com\/index.php\/tarifs\/#breadcrumb"},"inLanguage":"en-US","potentialAction":[{"@type":"ReadAction","target":["https:\/\/www.coeurdefamille.com\/index.php\/tarifs\/"]}]},{"@type":"BreadcrumbList","@id":"https:\/\/www.coeurdefamille.com\/index.php\/tarifs\/#breadcrumb","itemListElement":[{"@type":"ListItem","position":1,"name":"Accueil","item":"https:\/\/www.coeurdefamille.com\/"},{"@type":"ListItem","position":2,"name":"TARIFS"}]},{"@type":"WebSite","@id":"https:\/\/www.coeurdefamille.com\/#website","url":"https:\/\/www.coeurdefamille.com\/","name":"Coeur de famille","description":"Un site utilisant WordPress","publisher":{"@id":"https:\/\/www.coeurdefamille.com\/#\/schema\/person\/ef8deef460ebfe19f6381b3156a6e3cb"},"potentialAction":[{"@type":"SearchAction","target":{"@type":"EntryPoint","urlTemplate":"https:\/\/www.coeurdefamille.com\/?s={search_term_string}"},"query-input":{"@type":"PropertyValueSpecification","valueRequired":true,"valueName":"search_term_string"}}],"inLanguage":"en-US"},{"@type":["Person","Organization"],"@id":"https:\/\/www.coeurdefamille.com\/#\/schema\/person\/ef8deef460ebfe19f6381b3156a6e3cb","name":"admin2165","image":{"@type":"ImageObject","inLanguage":"en-US","@id":"https:\/\/www.coeurdefamille.com\/wp-content\/uploads\/2023\/12\/logo.png","url":"https:\/\/www.coeurdefamille.com\/wp-content\/uploads\/2023\/12\/logo.png","contentUrl":"https:\/\/www.coeurdefamille.com\/wp-content\/uploads\/2023\/12\/logo.png","width":500,"height":500,"caption":"admin2165"},"logo":{"@id":"https:\/\/www.coeurdefamille.com\/wp-content\/uploads\/2023\/12\/logo.png"},"sameAs":["http:\/\/www.coeurdefamille.com","www.instagram.com\/coeurdefamille.therapie"]}]}},"_links":{"self":[{"href":"https:\/\/www.coeurdefamille.com\/index.php\/wp-json\/wp\/v2\/pages\/138","targetHints":{"allow":["GET"]}}],"collection":[{"href":"https:\/\/www.coeurdefamille.com\/index.php\/wp-json\/wp\/v2\/pages"}],"about":[{"href":"https:\/\/www.coeurdefamille.com\/index.php\/wp-json\/wp\/v2\/types\/page"}],"author":[{"embeddable":true,"href":"https:\/\/www.coeurdefamille.com\/index.php\/wp-json\/wp\/v2\/users\/1"}],"replies":[{"embeddable":true,"href":"https:\/\/www.coeurdefamille.com\/index.php\/wp-json\/wp\/v2\/comments?post=138"}],"version-history":[{"count":12,"href":"https:\/\/www.coeurdefamille.com\/index.php\/wp-json\/wp\/v2\/pages\/138\/revisions"}],"predecessor-version":[{"id":402,"href":"https:\/\/www.coeurdefamille.com\/index.php\/wp-json\/wp\/v2\/pages\/138\/revisions\/402"}],"wp:attachment":[{"href":"https:\/\/www.coeurdefamille.com\/index.php\/wp-json\/wp\/v2\/media?parent=138"}],"curies":[{"name":"wp","href":"https:\/\/api.w.org\/{rel}","templated":true}]}}