{"id":44,"date":"2023-12-07T20:26:30","date_gmt":"2023-12-07T19:26:30","guid":{"rendered":"https:\/\/www.coeurdefamille.com\/?page_id=44"},"modified":"2024-07-10T18:44:43","modified_gmt":"2024-07-10T16:44:43","slug":"contactez-nous","status":"publish","type":"page","link":"https:\/\/www.coeurdefamille.com\/index.php\/contactez-nous\/","title":{"rendered":"CONTACTEZ-NOUS"},"content":{"rendered":"\n<p class=\"has-text-align-center\">Pour tous renseignements et demande de rendez-vous nous nous engageons \u00e0 vous recontacter le plus rapidement possible.<\/p>\n\n\n\n<div class=\"wp-block-group is-layout-constrained wp-block-group-is-layout-constrained\">\n<p class=\"has-text-align-center\">        <strong>PAR MAIL : <\/strong>             <\/p>\n\n\n\n<p class=\"has-text-align-center\"><strong>contact@coeurdefamille.com<\/strong><\/p>\n\n\n\n<p class=\"has-text-align-center\"><strong>PAR TELEPHONE: <\/strong> <\/p>\n\n\n\n<p class=\"has-text-align-center\">Marine DUPONT-SCHOTT:  <strong>06.83.25.85.77<\/strong><\/p>\n\n\n\n<p class=\"has-text-align-center\">Emmanuelle MAGRE  :     <strong>   06.11.40.26.55<\/strong><\/p>\n\n\n\n<p>\/<\/p>\n\n\n\n<div class=\"wp-block-buttons is-layout-flex wp-block-buttons-is-layout-flex\"><\/div>\n\n\n\n<h2 class=\"wp-block-heading has-text-align-center\">Localisation<\/h2>\n\n\n\n<p class=\"has-text-align-center\">notre cabinet est situ\u00e9: <\/p>\n\n\n\n<p class=\"has-text-align-center\"><strong>1 rue de l&#8217;\u00e9toile du matin<\/strong> <\/p>\n\n\n\n<p class=\"has-text-align-center\"><strong>B\u00e2timent A-APROLIS 3<\/strong><\/p>\n\n\n\n<p class=\"has-text-align-center\"><strong>44600 SAINT-NAZAIRE<\/strong><\/p>\n\n\n\n<div class=\"wp-block-buttons alignfull is-layout-flex wp-block-buttons-is-layout-flex\">\n<div class=\"wp-block-button\"><a class=\"wp-block-button__link has-text-align-center wp-element-button\" href=\"https:\/\/maps.app.goo.gl\/gCvjCNSXexQckKpr9\">carte\/localisation<\/a><\/div>\n<\/div>\n\n\n\n<div class=\"wp-block-buttons is-layout-flex wp-block-buttons-is-layout-flex\">\n<div class=\"wp-block-button\"><a class=\"wp-block-button__link wp-element-button\" href=\"http:\/\/coeurdefamille.com\">Nos th\u00e9rapies<\/a><\/div>\n<\/div>\n<\/div>\n\n\n\n<figure class=\"wp-block-image aligncenter size-full is-resized\"><img loading=\"lazy\" decoding=\"async\" width=\"300\" height=\"300\" src=\"https:\/\/www.coeurdefamille.com\/wp-content\/uploads\/2023\/12\/Logo-coeur-de-famille-PNG-1.png\" alt=\"\" class=\"wp-image-46\" style=\"width:230px;height:auto\" srcset=\"https:\/\/www.coeurdefamille.com\/wp-content\/uploads\/2023\/12\/Logo-coeur-de-famille-PNG-1.png 300w, https:\/\/www.coeurdefamille.com\/wp-content\/uploads\/2023\/12\/Logo-coeur-de-famille-PNG-1-150x150.png 150w\" sizes=\"auto, (max-width: 300px) 100vw, 300px\" \/><\/figure>\n\n\n\n<p><\/p>\n","protected":false},"excerpt":{"rendered":"<p>Pour tous renseignements et demande de rendez-vous nous nous engageons \u00e0 vous recontacter le plus rapidement possible. PAR MAIL : contact@coeurdefamille.com PAR TELEPHONE: Marine DUPONT-SCHOTT: 06.83.25.85.77 Emmanuelle MAGRE : 06.11.40.26.55 \/ Localisation notre cabinet est situ\u00e9: 1 rue de l&#8217;\u00e9toile du matin B\u00e2timent A-APROLIS 3 44600 SAINT-NAZAIRE<\/p>\n","protected":false},"author":1,"featured_media":0,"parent":0,"menu_order":0,"comment_status":"closed","ping_status":"closed","template":"","meta":{"footnotes":""},"class_list":["post-44","page","type-page","status-publish","hentry"],"yoast_head":"<!-- This site is optimized with the Yoast SEO plugin v27.4 - https:\/\/yoast.com\/product\/yoast-seo-wordpress\/ -->\n<title>CONTACTEZ-NOUS - Coeur de famille<\/title>\n<meta name=\"robots\" content=\"index, follow, max-snippet:-1, max-image-preview:large, max-video-preview:-1\" \/>\n<link rel=\"canonical\" href=\"https:\/\/www.coeurdefamille.com\/index.php\/contactez-nous\/\" \/>\n<meta property=\"og:locale\" content=\"en_US\" \/>\n<meta property=\"og:type\" content=\"article\" \/>\n<meta property=\"og:title\" content=\"CONTACTEZ-NOUS - Coeur de famille\" \/>\n<meta property=\"og:description\" content=\"Pour tous renseignements et demande de rendez-vous nous nous engageons \u00e0 vous recontacter le plus rapidement possible. PAR MAIL : contact@coeurdefamille.com PAR TELEPHONE: Marine DUPONT-SCHOTT: 06.83.25.85.77 Emmanuelle MAGRE : 06.11.40.26.55 \/ Localisation notre cabinet est situ\u00e9: 1 rue de l&#8217;\u00e9toile du matin B\u00e2timent A-APROLIS 3 44600 SAINT-NAZAIRE\" \/>\n<meta property=\"og:url\" content=\"https:\/\/www.coeurdefamille.com\/index.php\/contactez-nous\/\" \/>\n<meta property=\"og:site_name\" content=\"Coeur de famille\" \/>\n<meta property=\"article:modified_time\" content=\"2024-07-10T16:44:43+00:00\" \/>\n<meta property=\"og:image\" content=\"https:\/\/www.coeurdefamille.com\/wp-content\/uploads\/2023\/12\/Logo-coeur-de-famille-PNG-1.png\" \/>\n<meta name=\"twitter:card\" content=\"summary_large_image\" \/>\n<meta name=\"twitter:label1\" content=\"Est. reading time\" \/>\n\t<meta name=\"twitter:data1\" content=\"1 minute\" \/>\n<script type=\"application\/ld+json\" class=\"yoast-schema-graph\">{\"@context\":\"https:\\\/\\\/schema.org\",\"@graph\":[{\"@type\":\"WebPage\",\"@id\":\"https:\\\/\\\/www.coeurdefamille.com\\\/index.php\\\/contactez-nous\\\/\",\"url\":\"https:\\\/\\\/www.coeurdefamille.com\\\/index.php\\\/contactez-nous\\\/\",\"name\":\"CONTACTEZ-NOUS - Coeur de famille\",\"isPartOf\":{\"@id\":\"https:\\\/\\\/www.coeurdefamille.com\\\/#website\"},\"primaryImageOfPage\":{\"@id\":\"https:\\\/\\\/www.coeurdefamille.com\\\/index.php\\\/contactez-nous\\\/#primaryimage\"},\"image\":{\"@id\":\"https:\\\/\\\/www.coeurdefamille.com\\\/index.php\\\/contactez-nous\\\/#primaryimage\"},\"thumbnailUrl\":\"https:\\\/\\\/www.coeurdefamille.com\\\/wp-content\\\/uploads\\\/2023\\\/12\\\/Logo-coeur-de-famille-PNG-1.png\",\"datePublished\":\"2023-12-07T19:26:30+00:00\",\"dateModified\":\"2024-07-10T16:44:43+00:00\",\"breadcrumb\":{\"@id\":\"https:\\\/\\\/www.coeurdefamille.com\\\/index.php\\\/contactez-nous\\\/#breadcrumb\"},\"inLanguage\":\"en-US\",\"potentialAction\":[{\"@type\":\"ReadAction\",\"target\":[\"https:\\\/\\\/www.coeurdefamille.com\\\/index.php\\\/contactez-nous\\\/\"]}]},{\"@type\":\"ImageObject\",\"inLanguage\":\"en-US\",\"@id\":\"https:\\\/\\\/www.coeurdefamille.com\\\/index.php\\\/contactez-nous\\\/#primaryimage\",\"url\":\"https:\\\/\\\/www.coeurdefamille.com\\\/wp-content\\\/uploads\\\/2023\\\/12\\\/Logo-coeur-de-famille-PNG-1.png\",\"contentUrl\":\"https:\\\/\\\/www.coeurdefamille.com\\\/wp-content\\\/uploads\\\/2023\\\/12\\\/Logo-coeur-de-famille-PNG-1.png\",\"width\":300,\"height\":300},{\"@type\":\"BreadcrumbList\",\"@id\":\"https:\\\/\\\/www.coeurdefamille.com\\\/index.php\\\/contactez-nous\\\/#breadcrumb\",\"itemListElement\":[{\"@type\":\"ListItem\",\"position\":1,\"name\":\"Accueil\",\"item\":\"https:\\\/\\\/www.coeurdefamille.com\\\/\"},{\"@type\":\"ListItem\",\"position\":2,\"name\":\"CONTACTEZ-NOUS\"}]},{\"@type\":\"WebSite\",\"@id\":\"https:\\\/\\\/www.coeurdefamille.com\\\/#website\",\"url\":\"https:\\\/\\\/www.coeurdefamille.com\\\/\",\"name\":\"Coeur de famille\",\"description\":\"Un site utilisant WordPress\",\"publisher\":{\"@id\":\"https:\\\/\\\/www.coeurdefamille.com\\\/#\\\/schema\\\/person\\\/ef8deef460ebfe19f6381b3156a6e3cb\"},\"potentialAction\":[{\"@type\":\"SearchAction\",\"target\":{\"@type\":\"EntryPoint\",\"urlTemplate\":\"https:\\\/\\\/www.coeurdefamille.com\\\/?s={search_term_string}\"},\"query-input\":{\"@type\":\"PropertyValueSpecification\",\"valueRequired\":true,\"valueName\":\"search_term_string\"}}],\"inLanguage\":\"en-US\"},{\"@type\":[\"Person\",\"Organization\"],\"@id\":\"https:\\\/\\\/www.coeurdefamille.com\\\/#\\\/schema\\\/person\\\/ef8deef460ebfe19f6381b3156a6e3cb\",\"name\":\"admin2165\",\"image\":{\"@type\":\"ImageObject\",\"inLanguage\":\"en-US\",\"@id\":\"https:\\\/\\\/www.coeurdefamille.com\\\/wp-content\\\/uploads\\\/2023\\\/12\\\/logo.png\",\"url\":\"https:\\\/\\\/www.coeurdefamille.com\\\/wp-content\\\/uploads\\\/2023\\\/12\\\/logo.png\",\"contentUrl\":\"https:\\\/\\\/www.coeurdefamille.com\\\/wp-content\\\/uploads\\\/2023\\\/12\\\/logo.png\",\"width\":500,\"height\":500,\"caption\":\"admin2165\"},\"logo\":{\"@id\":\"https:\\\/\\\/www.coeurdefamille.com\\\/wp-content\\\/uploads\\\/2023\\\/12\\\/logo.png\"},\"sameAs\":[\"http:\\\/\\\/www.coeurdefamille.com\",\"www.instagram.com\\\/coeurdefamille.therapie\"]}]}<\/script>\n<!-- \/ Yoast SEO plugin. -->","yoast_head_json":{"title":"CONTACTEZ-NOUS - Coeur de famille","robots":{"index":"index","follow":"follow","max-snippet":"max-snippet:-1","max-image-preview":"max-image-preview:large","max-video-preview":"max-video-preview:-1"},"canonical":"https:\/\/www.coeurdefamille.com\/index.php\/contactez-nous\/","og_locale":"en_US","og_type":"article","og_title":"CONTACTEZ-NOUS - Coeur de famille","og_description":"Pour tous renseignements et demande de rendez-vous nous nous engageons \u00e0 vous recontacter le plus rapidement possible. PAR MAIL : contact@coeurdefamille.com PAR TELEPHONE: Marine DUPONT-SCHOTT: 06.83.25.85.77 Emmanuelle MAGRE : 06.11.40.26.55 \/ Localisation notre cabinet est situ\u00e9: 1 rue de l&#8217;\u00e9toile du matin B\u00e2timent A-APROLIS 3 44600 SAINT-NAZAIRE","og_url":"https:\/\/www.coeurdefamille.com\/index.php\/contactez-nous\/","og_site_name":"Coeur de famille","article_modified_time":"2024-07-10T16:44:43+00:00","og_image":[{"url":"https:\/\/www.coeurdefamille.com\/wp-content\/uploads\/2023\/12\/Logo-coeur-de-famille-PNG-1.png","type":"","width":"","height":""}],"twitter_card":"summary_large_image","twitter_misc":{"Est. reading time":"1 minute"},"schema":{"@context":"https:\/\/schema.org","@graph":[{"@type":"WebPage","@id":"https:\/\/www.coeurdefamille.com\/index.php\/contactez-nous\/","url":"https:\/\/www.coeurdefamille.com\/index.php\/contactez-nous\/","name":"CONTACTEZ-NOUS - Coeur de famille","isPartOf":{"@id":"https:\/\/www.coeurdefamille.com\/#website"},"primaryImageOfPage":{"@id":"https:\/\/www.coeurdefamille.com\/index.php\/contactez-nous\/#primaryimage"},"image":{"@id":"https:\/\/www.coeurdefamille.com\/index.php\/contactez-nous\/#primaryimage"},"thumbnailUrl":"https:\/\/www.coeurdefamille.com\/wp-content\/uploads\/2023\/12\/Logo-coeur-de-famille-PNG-1.png","datePublished":"2023-12-07T19:26:30+00:00","dateModified":"2024-07-10T16:44:43+00:00","breadcrumb":{"@id":"https:\/\/www.coeurdefamille.com\/index.php\/contactez-nous\/#breadcrumb"},"inLanguage":"en-US","potentialAction":[{"@type":"ReadAction","target":["https:\/\/www.coeurdefamille.com\/index.php\/contactez-nous\/"]}]},{"@type":"ImageObject","inLanguage":"en-US","@id":"https:\/\/www.coeurdefamille.com\/index.php\/contactez-nous\/#primaryimage","url":"https:\/\/www.coeurdefamille.com\/wp-content\/uploads\/2023\/12\/Logo-coeur-de-famille-PNG-1.png","contentUrl":"https:\/\/www.coeurdefamille.com\/wp-content\/uploads\/2023\/12\/Logo-coeur-de-famille-PNG-1.png","width":300,"height":300},{"@type":"BreadcrumbList","@id":"https:\/\/www.coeurdefamille.com\/index.php\/contactez-nous\/#breadcrumb","itemListElement":[{"@type":"ListItem","position":1,"name":"Accueil","item":"https:\/\/www.coeurdefamille.com\/"},{"@type":"ListItem","position":2,"name":"CONTACTEZ-NOUS"}]},{"@type":"WebSite","@id":"https:\/\/www.coeurdefamille.com\/#website","url":"https:\/\/www.coeurdefamille.com\/","name":"Coeur de famille","description":"Un site utilisant WordPress","publisher":{"@id":"https:\/\/www.coeurdefamille.com\/#\/schema\/person\/ef8deef460ebfe19f6381b3156a6e3cb"},"potentialAction":[{"@type":"SearchAction","target":{"@type":"EntryPoint","urlTemplate":"https:\/\/www.coeurdefamille.com\/?s={search_term_string}"},"query-input":{"@type":"PropertyValueSpecification","valueRequired":true,"valueName":"search_term_string"}}],"inLanguage":"en-US"},{"@type":["Person","Organization"],"@id":"https:\/\/www.coeurdefamille.com\/#\/schema\/person\/ef8deef460ebfe19f6381b3156a6e3cb","name":"admin2165","image":{"@type":"ImageObject","inLanguage":"en-US","@id":"https:\/\/www.coeurdefamille.com\/wp-content\/uploads\/2023\/12\/logo.png","url":"https:\/\/www.coeurdefamille.com\/wp-content\/uploads\/2023\/12\/logo.png","contentUrl":"https:\/\/www.coeurdefamille.com\/wp-content\/uploads\/2023\/12\/logo.png","width":500,"height":500,"caption":"admin2165"},"logo":{"@id":"https:\/\/www.coeurdefamille.com\/wp-content\/uploads\/2023\/12\/logo.png"},"sameAs":["http:\/\/www.coeurdefamille.com","www.instagram.com\/coeurdefamille.therapie"]}]}},"_links":{"self":[{"href":"https:\/\/www.coeurdefamille.com\/index.php\/wp-json\/wp\/v2\/pages\/44","targetHints":{"allow":["GET"]}}],"collection":[{"href":"https:\/\/www.coeurdefamille.com\/index.php\/wp-json\/wp\/v2\/pages"}],"about":[{"href":"https:\/\/www.coeurdefamille.com\/index.php\/wp-json\/wp\/v2\/types\/page"}],"author":[{"embeddable":true,"href":"https:\/\/www.coeurdefamille.com\/index.php\/wp-json\/wp\/v2\/users\/1"}],"replies":[{"embeddable":true,"href":"https:\/\/www.coeurdefamille.com\/index.php\/wp-json\/wp\/v2\/comments?post=44"}],"version-history":[{"count":12,"href":"https:\/\/www.coeurdefamille.com\/index.php\/wp-json\/wp\/v2\/pages\/44\/revisions"}],"predecessor-version":[{"id":400,"href":"https:\/\/www.coeurdefamille.com\/index.php\/wp-json\/wp\/v2\/pages\/44\/revisions\/400"}],"wp:attachment":[{"href":"https:\/\/www.coeurdefamille.com\/index.php\/wp-json\/wp\/v2\/media?parent=44"}],"curies":[{"name":"wp","href":"https:\/\/api.w.org\/{rel}","templated":true}]}}