{"id":56,"date":"2023-12-08T12:39:30","date_gmt":"2023-12-08T11:39:30","guid":{"rendered":"https:\/\/www.coeurdefamille.com\/?page_id=56"},"modified":"2024-07-08T22:28:55","modified_gmt":"2024-07-08T20:28:55","slug":"56-2","status":"publish","type":"page","link":"https:\/\/www.coeurdefamille.com\/index.php\/56-2\/","title":{"rendered":"QUI SOMMES-NOUS?"},"content":{"rendered":"\n<figure class=\"wp-block-pullquote\"><blockquote><p><strong>Emmanuelle MAGRE<\/strong><br><em>Th\u00e9rapeute familiale et conjugal<br>Consultante et sp\u00e9cialiste du sommeil b\u00e9b\u00e9<\/em><\/p><\/blockquote><\/figure>\n\n\n\n<figure class=\"wp-block-image aligncenter size-large is-resized\"><img loading=\"lazy\" decoding=\"async\" width=\"807\" height=\"1024\" src=\"https:\/\/www.coeurdefamille.com\/wp-content\/uploads\/2024\/01\/IMG-20240129-WA0000-807x1024.jpg\" alt=\"\" class=\"wp-image-303\" style=\"width:173px;height:auto\" srcset=\"https:\/\/www.coeurdefamille.com\/wp-content\/uploads\/2024\/01\/IMG-20240129-WA0000-807x1024.jpg 807w, https:\/\/www.coeurdefamille.com\/wp-content\/uploads\/2024\/01\/IMG-20240129-WA0000-237x300.jpg 237w, https:\/\/www.coeurdefamille.com\/wp-content\/uploads\/2024\/01\/IMG-20240129-WA0000-768x974.jpg 768w, https:\/\/www.coeurdefamille.com\/wp-content\/uploads\/2024\/01\/IMG-20240129-WA0000.jpg 1014w\" sizes=\"auto, (max-width: 807px) 100vw, 807px\" \/><\/figure>\n\n\n\n<p class=\"has-text-align-center\">Je m\u2019appelle Emmanuelle Magr\u00e9, originaire de Gu\u00e9rande,  j\u2019ai effectu\u00e9 mes \u00e9tudes d\u2019assistante sociale et de th\u00e9rapeute familiale et conjugale en syst\u00e9mie en r\u00e9gion parisienne. J\u2019exerce depuis 14 ans dans le champ de la protection de l\u2019enfance, que ce soit au sein d\u2019un centre de soins , d\u2019un CSAPA sp\u00e9cialis\u00e9 parentalit\u00e9 ou encore en p\u00e9rinatalit\u00e9 dans un centre parental.<\/p>\n\n\n\n<p class=\"has-text-align-center\">Dans un premier temps, mon parcours professionnel m\u2019a amen\u00e9 \u00e0 me sensibiliser \u00e0 la psychanalyse, ce qui a rythm\u00e9 ma pratique professionnelle durant de nombreuses ann\u00e9es. J&#8217;ai ensuite compl\u00e9t\u00e9 mes connaissances gr\u00e2ce \u00e0 l\u2019approche syst\u00e9mique.<\/p>\n\n\n\n<p class=\"has-text-align-center\">Cela signifie que je m\u2019int\u00e9resse \u00e0 l\u2019ensemble des relations (conjugales, parents\/enfants, fraternelles, interg\u00e9n\u00e9rationnelles, \u2026) leur interd\u00e9pendance et les effets que cela peut avoir sur la dynamique familiale. Ce n\u2019est pas une personne isol\u00e9e dans le syst\u00e8me famille qui d\u00e9cide mais bien les interactions familiales dans leur ensemble.<\/p>\n\n\n\n<p class=\"has-text-align-center\"><\/p>\n\n\n\n<figure class=\"wp-block-pullquote\"><blockquote><p><strong>Marine DUPONT-SCHOTT<\/strong><br><em>Th\u00e9rapeute enfant et adolescent<br>Consultante et sp\u00e9cialiste du sommeil b\u00e9b\u00e9<\/em><\/p><\/blockquote><\/figure>\n\n\n\n<p><\/p>\n\n\n\n<figure class=\"wp-block-image aligncenter size-large is-resized\"><img loading=\"lazy\" decoding=\"async\" width=\"724\" height=\"1024\" src=\"https:\/\/www.coeurdefamille.com\/wp-content\/uploads\/2024\/03\/Design-sans-titre-1-724x1024.png\" alt=\"\" class=\"wp-image-344\" style=\"width:197px;height:auto\" srcset=\"https:\/\/www.coeurdefamille.com\/wp-content\/uploads\/2024\/03\/Design-sans-titre-1-724x1024.png 724w, https:\/\/www.coeurdefamille.com\/wp-content\/uploads\/2024\/03\/Design-sans-titre-1-212x300.png 212w, https:\/\/www.coeurdefamille.com\/wp-content\/uploads\/2024\/03\/Design-sans-titre-1-768x1086.png 768w, https:\/\/www.coeurdefamille.com\/wp-content\/uploads\/2024\/03\/Design-sans-titre-1-1086x1536.png 1086w, https:\/\/www.coeurdefamille.com\/wp-content\/uploads\/2024\/03\/Design-sans-titre-1-1448x2048.png 1448w, https:\/\/www.coeurdefamille.com\/wp-content\/uploads\/2024\/03\/Design-sans-titre-1.png 1587w\" sizes=\"auto, (max-width: 724px) 100vw, 724px\" \/><\/figure>\n\n\n\n<p class=\"has-text-align-center\">Originaire de la presqu&#8217;\u00eele de Gu\u00e9rande, dans le d\u00e9partement 44, j&#8217;ai fait le choix de me former en tant qu&#8217;infirmi\u00e8re avec le d\u00e9sir de prendre soin des personnes qui m&#8217;entourent. Au cours de ma formation, j&#8217;ai d\u00e9velopp\u00e9 un vif int\u00e9r\u00eat pour le d\u00e9veloppement de l&#8217;enfant et de l&#8217;adolescent.<\/p>\n\n\n\n<p class=\"has-text-align-center\">Je me suis form\u00e9e pendant une douzaine d&#8217;ann\u00e9es au sein de services universitaires \u00e0 Bordeaux avec des professeurs, des p\u00e9dopsychiatres, des psychologues\u2026 J&#8217;ai compl\u00e9t\u00e9 ma formation initiale par un dipl\u00f4me universitaire en sant\u00e9 mentale et un dipl\u00f4me universitaire sur l&#8217;adolescence. Dans un d\u00e9sir d&#8217;accompagner au plus pr\u00e8s les enfants, les adolescents et leur famille, j&#8217;ai ensuite pass\u00e9 un dipl\u00f4me de th\u00e9rapeute enfant et adolescent.<\/p>\n\n\n\n<p><\/p>\n\n\n\n<figure class=\"wp-block-pullquote\"><blockquote><p>COEUR DE FAMILLE<\/p><\/blockquote><\/figure>\n\n\n\n<p class=\"has-text-align-center\"><strong>Nous avons cr\u00e9e &#8220;COEUR DE FAMILLE&#8221; gr\u00e2ce au hasard d&#8217;une rencontre.<\/strong> <\/p>\n\n\n\n<p class=\"has-text-align-center\">Nous partageons des valeurs communes telles que le respect, la tol\u00e9rance et la bienveillance.  Nous sommes toutes deux soucieuses de proposer un accompagnement sur mesure.<\/p>\n\n\n\n<p class=\"has-text-align-center\">Le soutien que nous vous offrons est enrichi par nos formations compl\u00e9mentaires, qui mettent en avant une approche pluridisciplinaire. <br><br><strong>En syst\u00e9mie<\/strong> , le th\u00e9rapeute va s\u2019int\u00e9resser \u00e0 l\u2019ici et maintenant , aux relations , aux liens familiaux , au contexte , aux interactions . Nous nous appuyons sur vos comp\u00e9tences , vos ressources . Nous nous appuyons sur la relation plut\u00f4t que sur l\u2019individu seul.<br><br><em><strong>Nous travaillerons alors sur le \u00ab comment \u00bb et non pas seulement sur le \u00ab pourquoi \u00bb<\/strong><\/em><\/p>\n\n\n\n<p class=\"has-text-align-center\"><strong>.<\/strong><\/p>\n\n\n\n<p class=\"has-text-align-center\"><\/p>\n\n\n\n<p><\/p>\n\n\n\n<div class=\"wp-block-buttons is-layout-flex wp-block-buttons-is-layout-flex\">\n<div class=\"wp-block-button\"><a class=\"wp-block-button__link wp-element-button\" href=\"https:\/\/perfactive.fr\/coeur-de-famille1\/book\">Nos Th\u00e9rapies<\/a><\/div>\n<\/div>\n","protected":false},"excerpt":{"rendered":"<p>Emmanuelle MAGRETh\u00e9rapeute familiale et conjugalConsultante et sp\u00e9cialiste du sommeil b\u00e9b\u00e9 Je m\u2019appelle Emmanuelle Magr\u00e9, originaire de Gu\u00e9rande, j\u2019ai effectu\u00e9 mes \u00e9tudes d\u2019assistante sociale et de th\u00e9rapeute familiale et conjugale en syst\u00e9mie en r\u00e9gion parisienne. J\u2019exerce depuis 14 ans dans le champ de la protection de l\u2019enfance, que ce soit au sein d\u2019un centre de soins [&hellip;]<\/p>\n","protected":false},"author":1,"featured_media":0,"parent":0,"menu_order":0,"comment_status":"closed","ping_status":"closed","template":"","meta":{"footnotes":""},"class_list":["post-56","page","type-page","status-publish","hentry"],"yoast_head":"<!-- This site is optimized with the Yoast SEO plugin v27.4 - https:\/\/yoast.com\/product\/yoast-seo-wordpress\/ -->\n<title>QUI SOMMES-NOUS? - Coeur de famille<\/title>\n<meta name=\"description\" content=\"cabinet sp\u00e9cialis\u00e9 dans la th\u00e9rapie de la famille, du couple, de l&#039;enfant, de l&#039;adolescent et dans le sommeil b\u00e9b\u00e9.\" \/>\n<meta name=\"robots\" content=\"index, follow, max-snippet:-1, max-image-preview:large, max-video-preview:-1\" \/>\n<link rel=\"canonical\" href=\"https:\/\/www.coeurdefamille.com\/index.php\/56-2\/\" \/>\n<meta property=\"og:locale\" content=\"en_US\" \/>\n<meta property=\"og:type\" content=\"article\" \/>\n<meta property=\"og:title\" content=\"QUI SOMMES-NOUS? - Coeur de famille\" \/>\n<meta property=\"og:description\" content=\"cabinet sp\u00e9cialis\u00e9 dans la th\u00e9rapie de la famille, du couple, de l&#039;enfant, de l&#039;adolescent et dans le sommeil b\u00e9b\u00e9.\" \/>\n<meta property=\"og:url\" content=\"https:\/\/www.coeurdefamille.com\/index.php\/56-2\/\" \/>\n<meta property=\"og:site_name\" content=\"Coeur de famille\" \/>\n<meta property=\"article:modified_time\" content=\"2024-07-08T20:28:55+00:00\" \/>\n<meta property=\"og:image\" content=\"https:\/\/www.coeurdefamille.com\/wp-content\/uploads\/2024\/01\/IMG-20240129-WA0000-807x1024.jpg\" \/>\n<meta name=\"twitter:card\" content=\"summary_large_image\" \/>\n<meta name=\"twitter:label1\" content=\"Est. reading time\" \/>\n\t<meta name=\"twitter:data1\" content=\"2 minutes\" \/>\n<script type=\"application\/ld+json\" class=\"yoast-schema-graph\">{\"@context\":\"https:\\\/\\\/schema.org\",\"@graph\":[{\"@type\":\"WebPage\",\"@id\":\"https:\\\/\\\/www.coeurdefamille.com\\\/index.php\\\/56-2\\\/\",\"url\":\"https:\\\/\\\/www.coeurdefamille.com\\\/index.php\\\/56-2\\\/\",\"name\":\"QUI SOMMES-NOUS? - Coeur de famille\",\"isPartOf\":{\"@id\":\"https:\\\/\\\/www.coeurdefamille.com\\\/#website\"},\"primaryImageOfPage\":{\"@id\":\"https:\\\/\\\/www.coeurdefamille.com\\\/index.php\\\/56-2\\\/#primaryimage\"},\"image\":{\"@id\":\"https:\\\/\\\/www.coeurdefamille.com\\\/index.php\\\/56-2\\\/#primaryimage\"},\"thumbnailUrl\":\"https:\\\/\\\/www.coeurdefamille.com\\\/wp-content\\\/uploads\\\/2024\\\/01\\\/IMG-20240129-WA0000-807x1024.jpg\",\"datePublished\":\"2023-12-08T11:39:30+00:00\",\"dateModified\":\"2024-07-08T20:28:55+00:00\",\"description\":\"cabinet sp\u00e9cialis\u00e9 dans la th\u00e9rapie de la famille, du couple, de l'enfant, de l'adolescent et dans le sommeil b\u00e9b\u00e9.\",\"breadcrumb\":{\"@id\":\"https:\\\/\\\/www.coeurdefamille.com\\\/index.php\\\/56-2\\\/#breadcrumb\"},\"inLanguage\":\"en-US\",\"potentialAction\":[{\"@type\":\"ReadAction\",\"target\":[\"https:\\\/\\\/www.coeurdefamille.com\\\/index.php\\\/56-2\\\/\"]}]},{\"@type\":\"ImageObject\",\"inLanguage\":\"en-US\",\"@id\":\"https:\\\/\\\/www.coeurdefamille.com\\\/index.php\\\/56-2\\\/#primaryimage\",\"url\":\"https:\\\/\\\/www.coeurdefamille.com\\\/wp-content\\\/uploads\\\/2024\\\/01\\\/IMG-20240129-WA0000.jpg\",\"contentUrl\":\"https:\\\/\\\/www.coeurdefamille.com\\\/wp-content\\\/uploads\\\/2024\\\/01\\\/IMG-20240129-WA0000.jpg\",\"width\":1014,\"height\":1286},{\"@type\":\"BreadcrumbList\",\"@id\":\"https:\\\/\\\/www.coeurdefamille.com\\\/index.php\\\/56-2\\\/#breadcrumb\",\"itemListElement\":[{\"@type\":\"ListItem\",\"position\":1,\"name\":\"Accueil\",\"item\":\"https:\\\/\\\/www.coeurdefamille.com\\\/\"},{\"@type\":\"ListItem\",\"position\":2,\"name\":\"QUI SOMMES-NOUS?\"}]},{\"@type\":\"WebSite\",\"@id\":\"https:\\\/\\\/www.coeurdefamille.com\\\/#website\",\"url\":\"https:\\\/\\\/www.coeurdefamille.com\\\/\",\"name\":\"Coeur de famille\",\"description\":\"Un site utilisant WordPress\",\"publisher\":{\"@id\":\"https:\\\/\\\/www.coeurdefamille.com\\\/#\\\/schema\\\/person\\\/ef8deef460ebfe19f6381b3156a6e3cb\"},\"potentialAction\":[{\"@type\":\"SearchAction\",\"target\":{\"@type\":\"EntryPoint\",\"urlTemplate\":\"https:\\\/\\\/www.coeurdefamille.com\\\/?s={search_term_string}\"},\"query-input\":{\"@type\":\"PropertyValueSpecification\",\"valueRequired\":true,\"valueName\":\"search_term_string\"}}],\"inLanguage\":\"en-US\"},{\"@type\":[\"Person\",\"Organization\"],\"@id\":\"https:\\\/\\\/www.coeurdefamille.com\\\/#\\\/schema\\\/person\\\/ef8deef460ebfe19f6381b3156a6e3cb\",\"name\":\"admin2165\",\"image\":{\"@type\":\"ImageObject\",\"inLanguage\":\"en-US\",\"@id\":\"https:\\\/\\\/www.coeurdefamille.com\\\/wp-content\\\/uploads\\\/2023\\\/12\\\/logo.png\",\"url\":\"https:\\\/\\\/www.coeurdefamille.com\\\/wp-content\\\/uploads\\\/2023\\\/12\\\/logo.png\",\"contentUrl\":\"https:\\\/\\\/www.coeurdefamille.com\\\/wp-content\\\/uploads\\\/2023\\\/12\\\/logo.png\",\"width\":500,\"height\":500,\"caption\":\"admin2165\"},\"logo\":{\"@id\":\"https:\\\/\\\/www.coeurdefamille.com\\\/wp-content\\\/uploads\\\/2023\\\/12\\\/logo.png\"},\"sameAs\":[\"http:\\\/\\\/www.coeurdefamille.com\",\"www.instagram.com\\\/coeurdefamille.therapie\"]}]}<\/script>\n<!-- \/ Yoast SEO plugin. -->","yoast_head_json":{"title":"QUI SOMMES-NOUS? - Coeur de famille","description":"cabinet sp\u00e9cialis\u00e9 dans la th\u00e9rapie de la famille, du couple, de l'enfant, de l'adolescent et dans le sommeil b\u00e9b\u00e9.","robots":{"index":"index","follow":"follow","max-snippet":"max-snippet:-1","max-image-preview":"max-image-preview:large","max-video-preview":"max-video-preview:-1"},"canonical":"https:\/\/www.coeurdefamille.com\/index.php\/56-2\/","og_locale":"en_US","og_type":"article","og_title":"QUI SOMMES-NOUS? - Coeur de famille","og_description":"cabinet sp\u00e9cialis\u00e9 dans la th\u00e9rapie de la famille, du couple, de l'enfant, de l'adolescent et dans le sommeil b\u00e9b\u00e9.","og_url":"https:\/\/www.coeurdefamille.com\/index.php\/56-2\/","og_site_name":"Coeur de famille","article_modified_time":"2024-07-08T20:28:55+00:00","og_image":[{"url":"https:\/\/www.coeurdefamille.com\/wp-content\/uploads\/2024\/01\/IMG-20240129-WA0000-807x1024.jpg","type":"","width":"","height":""}],"twitter_card":"summary_large_image","twitter_misc":{"Est. reading time":"2 minutes"},"schema":{"@context":"https:\/\/schema.org","@graph":[{"@type":"WebPage","@id":"https:\/\/www.coeurdefamille.com\/index.php\/56-2\/","url":"https:\/\/www.coeurdefamille.com\/index.php\/56-2\/","name":"QUI SOMMES-NOUS? - Coeur de famille","isPartOf":{"@id":"https:\/\/www.coeurdefamille.com\/#website"},"primaryImageOfPage":{"@id":"https:\/\/www.coeurdefamille.com\/index.php\/56-2\/#primaryimage"},"image":{"@id":"https:\/\/www.coeurdefamille.com\/index.php\/56-2\/#primaryimage"},"thumbnailUrl":"https:\/\/www.coeurdefamille.com\/wp-content\/uploads\/2024\/01\/IMG-20240129-WA0000-807x1024.jpg","datePublished":"2023-12-08T11:39:30+00:00","dateModified":"2024-07-08T20:28:55+00:00","description":"cabinet sp\u00e9cialis\u00e9 dans la th\u00e9rapie de la famille, du couple, de l'enfant, de l'adolescent et dans le sommeil b\u00e9b\u00e9.","breadcrumb":{"@id":"https:\/\/www.coeurdefamille.com\/index.php\/56-2\/#breadcrumb"},"inLanguage":"en-US","potentialAction":[{"@type":"ReadAction","target":["https:\/\/www.coeurdefamille.com\/index.php\/56-2\/"]}]},{"@type":"ImageObject","inLanguage":"en-US","@id":"https:\/\/www.coeurdefamille.com\/index.php\/56-2\/#primaryimage","url":"https:\/\/www.coeurdefamille.com\/wp-content\/uploads\/2024\/01\/IMG-20240129-WA0000.jpg","contentUrl":"https:\/\/www.coeurdefamille.com\/wp-content\/uploads\/2024\/01\/IMG-20240129-WA0000.jpg","width":1014,"height":1286},{"@type":"BreadcrumbList","@id":"https:\/\/www.coeurdefamille.com\/index.php\/56-2\/#breadcrumb","itemListElement":[{"@type":"ListItem","position":1,"name":"Accueil","item":"https:\/\/www.coeurdefamille.com\/"},{"@type":"ListItem","position":2,"name":"QUI SOMMES-NOUS?"}]},{"@type":"WebSite","@id":"https:\/\/www.coeurdefamille.com\/#website","url":"https:\/\/www.coeurdefamille.com\/","name":"Coeur de famille","description":"Un site utilisant WordPress","publisher":{"@id":"https:\/\/www.coeurdefamille.com\/#\/schema\/person\/ef8deef460ebfe19f6381b3156a6e3cb"},"potentialAction":[{"@type":"SearchAction","target":{"@type":"EntryPoint","urlTemplate":"https:\/\/www.coeurdefamille.com\/?s={search_term_string}"},"query-input":{"@type":"PropertyValueSpecification","valueRequired":true,"valueName":"search_term_string"}}],"inLanguage":"en-US"},{"@type":["Person","Organization"],"@id":"https:\/\/www.coeurdefamille.com\/#\/schema\/person\/ef8deef460ebfe19f6381b3156a6e3cb","name":"admin2165","image":{"@type":"ImageObject","inLanguage":"en-US","@id":"https:\/\/www.coeurdefamille.com\/wp-content\/uploads\/2023\/12\/logo.png","url":"https:\/\/www.coeurdefamille.com\/wp-content\/uploads\/2023\/12\/logo.png","contentUrl":"https:\/\/www.coeurdefamille.com\/wp-content\/uploads\/2023\/12\/logo.png","width":500,"height":500,"caption":"admin2165"},"logo":{"@id":"https:\/\/www.coeurdefamille.com\/wp-content\/uploads\/2023\/12\/logo.png"},"sameAs":["http:\/\/www.coeurdefamille.com","www.instagram.com\/coeurdefamille.therapie"]}]}},"_links":{"self":[{"href":"https:\/\/www.coeurdefamille.com\/index.php\/wp-json\/wp\/v2\/pages\/56","targetHints":{"allow":["GET"]}}],"collection":[{"href":"https:\/\/www.coeurdefamille.com\/index.php\/wp-json\/wp\/v2\/pages"}],"about":[{"href":"https:\/\/www.coeurdefamille.com\/index.php\/wp-json\/wp\/v2\/types\/page"}],"author":[{"embeddable":true,"href":"https:\/\/www.coeurdefamille.com\/index.php\/wp-json\/wp\/v2\/users\/1"}],"replies":[{"embeddable":true,"href":"https:\/\/www.coeurdefamille.com\/index.php\/wp-json\/wp\/v2\/comments?post=56"}],"version-history":[{"count":21,"href":"https:\/\/www.coeurdefamille.com\/index.php\/wp-json\/wp\/v2\/pages\/56\/revisions"}],"predecessor-version":[{"id":384,"href":"https:\/\/www.coeurdefamille.com\/index.php\/wp-json\/wp\/v2\/pages\/56\/revisions\/384"}],"wp:attachment":[{"href":"https:\/\/www.coeurdefamille.com\/index.php\/wp-json\/wp\/v2\/media?parent=56"}],"curies":[{"name":"wp","href":"https:\/\/api.w.org\/{rel}","templated":true}]}}