{"id":99,"date":"2023-12-11T16:09:08","date_gmt":"2023-12-11T15:09:08","guid":{"rendered":"https:\/\/www.coeurdefamille.com\/?page_id=99"},"modified":"2024-07-10T18:41:15","modified_gmt":"2024-07-10T16:41:15","slug":"bebe-sommeil","status":"publish","type":"page","link":"https:\/\/www.coeurdefamille.com\/index.php\/bebe-sommeil\/","title":{"rendered":"BEBE SOMMEIL"},"content":{"rendered":"\n<p class=\"has-text-align-center\">Votre vie a chang\u00e9 depuis la naissance de votre enfant mais b\u00e9b\u00e9 ne fait toujours pas ses nuits  !<\/p>\n\n\n\n<p class=\"has-text-align-center\"><strong> De quoi parlons-nous ?<\/strong> <\/p>\n\n\n\n<p class=\"has-text-align-center\">Notre objectif est de vous soutenir dans la r\u00e9solution des difficult\u00e9s, non pathologiques de votre enfant. <\/p>\n\n\n\n<p class=\"has-text-align-center\">Nous vous proposons un accompagnement pas \u00e0 pas pour comprendre le rythme de b\u00e9b\u00e9 et vous apporter des METHODES DOUCES. L&#8217;objectif est de vous aider, vous et votre enfant \u00e0 retrouver des nuits calmes. <\/p>\n\n\n\n<p><\/p>\n\n\n\n<p><strong>Th\u00e9rapeutes sommeil b\u00e9b\u00e9 :<\/strong> Emmanuelle MAGRE et Marine DUPONT-SCHOTT, en fonction de vos disponibilit\u00e9s. <\/p>\n\n\n\n<p>Nous vous proposons tout d&#8217;abord un temps d&#8217;\u00e9change sur qui est votre b\u00e9b\u00e9, quel est son rythme, quels sont vos rituels et vos habitudes. <\/p>\n\n\n\n<p>Nous vous proposerons ensuite un accompagnement personnalis\u00e9 \u00e0 votre rythme et celui de votre enfant, avec des outils et des conseils. <\/p>\n\n\n\n<p><strong>Tarif: <\/strong> 65 euros la consultation d&#8217;environ 1h. <\/p>\n\n\n\n<div class=\"wp-block-cover\"><span aria-hidden=\"true\" class=\"wp-block-cover__background has-background-dim\"><\/span><img loading=\"lazy\" decoding=\"async\" width=\"683\" height=\"1024\" class=\"wp-block-cover__image-background wp-image-101\" alt=\"\" src=\"https:\/\/www.coeurdefamille.com\/wp-content\/uploads\/2023\/12\/image-bebe-1-683x1024.jpg\" data-object-fit=\"cover\" srcset=\"https:\/\/www.coeurdefamille.com\/wp-content\/uploads\/2023\/12\/image-bebe-1-683x1024.jpg 683w, https:\/\/www.coeurdefamille.com\/wp-content\/uploads\/2023\/12\/image-bebe-1-200x300.jpg 200w, https:\/\/www.coeurdefamille.com\/wp-content\/uploads\/2023\/12\/image-bebe-1-768x1152.jpg 768w, https:\/\/www.coeurdefamille.com\/wp-content\/uploads\/2023\/12\/image-bebe-1-1024x1536.jpg 1024w, https:\/\/www.coeurdefamille.com\/wp-content\/uploads\/2023\/12\/image-bebe-1-1365x2048.jpg 1365w, https:\/\/www.coeurdefamille.com\/wp-content\/uploads\/2023\/12\/image-bebe-1-scaled.jpg 1707w\" sizes=\"auto, (max-width: 683px) 100vw, 683px\" \/><div class=\"wp-block-cover__inner-container is-layout-flow wp-block-cover-is-layout-flow\">\n<blockquote class=\"wp-block-quote is-layout-flow wp-block-quote-is-layout-flow\">\n<p>\u201cCeux qui disent dormir comme un b\u00e9b\u00e9, en g\u00e9n\u00e9ral n\u2019en ont pas\u201d<\/p>\n\n\n\n<p>Citation de LEO J. BURKE Auteur am\u00e9ricain<\/p>\n<\/blockquote>\n<\/div><\/div>\n\n\n\n<div class=\"wp-block-buttons is-layout-flex wp-block-buttons-is-layout-flex\">\n<div class=\"wp-block-button\"><a class=\"wp-block-button__link wp-element-button\" href=\"https:\/\/www.coeurdefamille.com\/\">Nos Th\u00e9rapies<\/a><\/div>\n<\/div>\n\n\n\n<div class=\"wp-block-buttons is-layout-flex wp-block-buttons-is-layout-flex\">\n<div class=\"wp-block-button\"><a class=\"wp-block-button__link wp-element-button\" href=\"https:\/\/www.coeurdefamille.com\/wp-admin\/post.php?post=44&amp;action=edit\">Prendre rendez-vous<\/a><\/div>\n<\/div>\n","protected":false},"excerpt":{"rendered":"<p>Votre vie a chang\u00e9 depuis la naissance de votre enfant mais b\u00e9b\u00e9 ne fait toujours pas ses nuits ! De quoi parlons-nous ? Notre objectif est de vous soutenir dans la r\u00e9solution des difficult\u00e9s, non pathologiques de votre enfant. Nous vous proposons un accompagnement pas \u00e0 pas pour comprendre le rythme de b\u00e9b\u00e9 et vous [&hellip;]<\/p>\n","protected":false},"author":1,"featured_media":100,"parent":0,"menu_order":0,"comment_status":"closed","ping_status":"closed","template":"","meta":{"footnotes":""},"class_list":["post-99","page","type-page","status-publish","has-post-thumbnail","hentry"],"yoast_head":"<!-- This site is optimized with the Yoast SEO plugin v27.4 - https:\/\/yoast.com\/product\/yoast-seo-wordpress\/ -->\n<title>BEBE SOMMEIL - Coeur de famille<\/title>\n<meta name=\"robots\" content=\"index, follow, max-snippet:-1, max-image-preview:large, max-video-preview:-1\" \/>\n<link rel=\"canonical\" href=\"https:\/\/www.coeurdefamille.com\/index.php\/bebe-sommeil\/\" \/>\n<meta property=\"og:locale\" content=\"en_US\" \/>\n<meta property=\"og:type\" content=\"article\" \/>\n<meta property=\"og:title\" content=\"BEBE SOMMEIL - Coeur de famille\" \/>\n<meta property=\"og:description\" content=\"Votre vie a chang\u00e9 depuis la naissance de votre enfant mais b\u00e9b\u00e9 ne fait toujours pas ses nuits ! De quoi parlons-nous ? Notre objectif est de vous soutenir dans la r\u00e9solution des difficult\u00e9s, non pathologiques de votre enfant. Nous vous proposons un accompagnement pas \u00e0 pas pour comprendre le rythme de b\u00e9b\u00e9 et vous [&hellip;]\" \/>\n<meta property=\"og:url\" content=\"https:\/\/www.coeurdefamille.com\/index.php\/bebe-sommeil\/\" \/>\n<meta property=\"og:site_name\" content=\"Coeur de famille\" \/>\n<meta property=\"article:modified_time\" content=\"2024-07-10T16:41:15+00:00\" \/>\n<meta property=\"og:image\" content=\"https:\/\/www.coeurdefamille.com\/wp-content\/uploads\/2023\/12\/image-bebe-scaled.jpg\" \/>\n\t<meta property=\"og:image:width\" content=\"1707\" \/>\n\t<meta property=\"og:image:height\" content=\"2560\" \/>\n\t<meta property=\"og:image:type\" content=\"image\/jpeg\" \/>\n<meta name=\"twitter:card\" content=\"summary_large_image\" \/>\n<meta name=\"twitter:label1\" content=\"Est. reading time\" \/>\n\t<meta name=\"twitter:data1\" content=\"2 minutes\" \/>\n<script type=\"application\/ld+json\" class=\"yoast-schema-graph\">{\"@context\":\"https:\\\/\\\/schema.org\",\"@graph\":[{\"@type\":\"WebPage\",\"@id\":\"https:\\\/\\\/www.coeurdefamille.com\\\/index.php\\\/bebe-sommeil\\\/\",\"url\":\"https:\\\/\\\/www.coeurdefamille.com\\\/index.php\\\/bebe-sommeil\\\/\",\"name\":\"BEBE SOMMEIL - Coeur de famille\",\"isPartOf\":{\"@id\":\"https:\\\/\\\/www.coeurdefamille.com\\\/#website\"},\"primaryImageOfPage\":{\"@id\":\"https:\\\/\\\/www.coeurdefamille.com\\\/index.php\\\/bebe-sommeil\\\/#primaryimage\"},\"image\":{\"@id\":\"https:\\\/\\\/www.coeurdefamille.com\\\/index.php\\\/bebe-sommeil\\\/#primaryimage\"},\"thumbnailUrl\":\"https:\\\/\\\/www.coeurdefamille.com\\\/wp-content\\\/uploads\\\/2023\\\/12\\\/image-bebe-scaled.jpg\",\"datePublished\":\"2023-12-11T15:09:08+00:00\",\"dateModified\":\"2024-07-10T16:41:15+00:00\",\"breadcrumb\":{\"@id\":\"https:\\\/\\\/www.coeurdefamille.com\\\/index.php\\\/bebe-sommeil\\\/#breadcrumb\"},\"inLanguage\":\"en-US\",\"potentialAction\":[{\"@type\":\"ReadAction\",\"target\":[\"https:\\\/\\\/www.coeurdefamille.com\\\/index.php\\\/bebe-sommeil\\\/\"]}]},{\"@type\":\"ImageObject\",\"inLanguage\":\"en-US\",\"@id\":\"https:\\\/\\\/www.coeurdefamille.com\\\/index.php\\\/bebe-sommeil\\\/#primaryimage\",\"url\":\"https:\\\/\\\/www.coeurdefamille.com\\\/wp-content\\\/uploads\\\/2023\\\/12\\\/image-bebe-scaled.jpg\",\"contentUrl\":\"https:\\\/\\\/www.coeurdefamille.com\\\/wp-content\\\/uploads\\\/2023\\\/12\\\/image-bebe-scaled.jpg\",\"width\":1707,\"height\":2560},{\"@type\":\"BreadcrumbList\",\"@id\":\"https:\\\/\\\/www.coeurdefamille.com\\\/index.php\\\/bebe-sommeil\\\/#breadcrumb\",\"itemListElement\":[{\"@type\":\"ListItem\",\"position\":1,\"name\":\"Accueil\",\"item\":\"https:\\\/\\\/www.coeurdefamille.com\\\/\"},{\"@type\":\"ListItem\",\"position\":2,\"name\":\"BEBE SOMMEIL\"}]},{\"@type\":\"WebSite\",\"@id\":\"https:\\\/\\\/www.coeurdefamille.com\\\/#website\",\"url\":\"https:\\\/\\\/www.coeurdefamille.com\\\/\",\"name\":\"Coeur de famille\",\"description\":\"Un site utilisant WordPress\",\"publisher\":{\"@id\":\"https:\\\/\\\/www.coeurdefamille.com\\\/#\\\/schema\\\/person\\\/ef8deef460ebfe19f6381b3156a6e3cb\"},\"potentialAction\":[{\"@type\":\"SearchAction\",\"target\":{\"@type\":\"EntryPoint\",\"urlTemplate\":\"https:\\\/\\\/www.coeurdefamille.com\\\/?s={search_term_string}\"},\"query-input\":{\"@type\":\"PropertyValueSpecification\",\"valueRequired\":true,\"valueName\":\"search_term_string\"}}],\"inLanguage\":\"en-US\"},{\"@type\":[\"Person\",\"Organization\"],\"@id\":\"https:\\\/\\\/www.coeurdefamille.com\\\/#\\\/schema\\\/person\\\/ef8deef460ebfe19f6381b3156a6e3cb\",\"name\":\"admin2165\",\"image\":{\"@type\":\"ImageObject\",\"inLanguage\":\"en-US\",\"@id\":\"https:\\\/\\\/www.coeurdefamille.com\\\/wp-content\\\/uploads\\\/2023\\\/12\\\/logo.png\",\"url\":\"https:\\\/\\\/www.coeurdefamille.com\\\/wp-content\\\/uploads\\\/2023\\\/12\\\/logo.png\",\"contentUrl\":\"https:\\\/\\\/www.coeurdefamille.com\\\/wp-content\\\/uploads\\\/2023\\\/12\\\/logo.png\",\"width\":500,\"height\":500,\"caption\":\"admin2165\"},\"logo\":{\"@id\":\"https:\\\/\\\/www.coeurdefamille.com\\\/wp-content\\\/uploads\\\/2023\\\/12\\\/logo.png\"},\"sameAs\":[\"http:\\\/\\\/www.coeurdefamille.com\",\"www.instagram.com\\\/coeurdefamille.therapie\"]}]}<\/script>\n<!-- \/ Yoast SEO plugin. -->","yoast_head_json":{"title":"BEBE SOMMEIL - Coeur de famille","robots":{"index":"index","follow":"follow","max-snippet":"max-snippet:-1","max-image-preview":"max-image-preview:large","max-video-preview":"max-video-preview:-1"},"canonical":"https:\/\/www.coeurdefamille.com\/index.php\/bebe-sommeil\/","og_locale":"en_US","og_type":"article","og_title":"BEBE SOMMEIL - Coeur de famille","og_description":"Votre vie a chang\u00e9 depuis la naissance de votre enfant mais b\u00e9b\u00e9 ne fait toujours pas ses nuits ! De quoi parlons-nous ? Notre objectif est de vous soutenir dans la r\u00e9solution des difficult\u00e9s, non pathologiques de votre enfant. Nous vous proposons un accompagnement pas \u00e0 pas pour comprendre le rythme de b\u00e9b\u00e9 et vous [&hellip;]","og_url":"https:\/\/www.coeurdefamille.com\/index.php\/bebe-sommeil\/","og_site_name":"Coeur de famille","article_modified_time":"2024-07-10T16:41:15+00:00","og_image":[{"width":1707,"height":2560,"url":"https:\/\/www.coeurdefamille.com\/wp-content\/uploads\/2023\/12\/image-bebe-scaled.jpg","type":"image\/jpeg"}],"twitter_card":"summary_large_image","twitter_misc":{"Est. reading time":"2 minutes"},"schema":{"@context":"https:\/\/schema.org","@graph":[{"@type":"WebPage","@id":"https:\/\/www.coeurdefamille.com\/index.php\/bebe-sommeil\/","url":"https:\/\/www.coeurdefamille.com\/index.php\/bebe-sommeil\/","name":"BEBE SOMMEIL - Coeur de famille","isPartOf":{"@id":"https:\/\/www.coeurdefamille.com\/#website"},"primaryImageOfPage":{"@id":"https:\/\/www.coeurdefamille.com\/index.php\/bebe-sommeil\/#primaryimage"},"image":{"@id":"https:\/\/www.coeurdefamille.com\/index.php\/bebe-sommeil\/#primaryimage"},"thumbnailUrl":"https:\/\/www.coeurdefamille.com\/wp-content\/uploads\/2023\/12\/image-bebe-scaled.jpg","datePublished":"2023-12-11T15:09:08+00:00","dateModified":"2024-07-10T16:41:15+00:00","breadcrumb":{"@id":"https:\/\/www.coeurdefamille.com\/index.php\/bebe-sommeil\/#breadcrumb"},"inLanguage":"en-US","potentialAction":[{"@type":"ReadAction","target":["https:\/\/www.coeurdefamille.com\/index.php\/bebe-sommeil\/"]}]},{"@type":"ImageObject","inLanguage":"en-US","@id":"https:\/\/www.coeurdefamille.com\/index.php\/bebe-sommeil\/#primaryimage","url":"https:\/\/www.coeurdefamille.com\/wp-content\/uploads\/2023\/12\/image-bebe-scaled.jpg","contentUrl":"https:\/\/www.coeurdefamille.com\/wp-content\/uploads\/2023\/12\/image-bebe-scaled.jpg","width":1707,"height":2560},{"@type":"BreadcrumbList","@id":"https:\/\/www.coeurdefamille.com\/index.php\/bebe-sommeil\/#breadcrumb","itemListElement":[{"@type":"ListItem","position":1,"name":"Accueil","item":"https:\/\/www.coeurdefamille.com\/"},{"@type":"ListItem","position":2,"name":"BEBE SOMMEIL"}]},{"@type":"WebSite","@id":"https:\/\/www.coeurdefamille.com\/#website","url":"https:\/\/www.coeurdefamille.com\/","name":"Coeur de famille","description":"Un site utilisant WordPress","publisher":{"@id":"https:\/\/www.coeurdefamille.com\/#\/schema\/person\/ef8deef460ebfe19f6381b3156a6e3cb"},"potentialAction":[{"@type":"SearchAction","target":{"@type":"EntryPoint","urlTemplate":"https:\/\/www.coeurdefamille.com\/?s={search_term_string}"},"query-input":{"@type":"PropertyValueSpecification","valueRequired":true,"valueName":"search_term_string"}}],"inLanguage":"en-US"},{"@type":["Person","Organization"],"@id":"https:\/\/www.coeurdefamille.com\/#\/schema\/person\/ef8deef460ebfe19f6381b3156a6e3cb","name":"admin2165","image":{"@type":"ImageObject","inLanguage":"en-US","@id":"https:\/\/www.coeurdefamille.com\/wp-content\/uploads\/2023\/12\/logo.png","url":"https:\/\/www.coeurdefamille.com\/wp-content\/uploads\/2023\/12\/logo.png","contentUrl":"https:\/\/www.coeurdefamille.com\/wp-content\/uploads\/2023\/12\/logo.png","width":500,"height":500,"caption":"admin2165"},"logo":{"@id":"https:\/\/www.coeurdefamille.com\/wp-content\/uploads\/2023\/12\/logo.png"},"sameAs":["http:\/\/www.coeurdefamille.com","www.instagram.com\/coeurdefamille.therapie"]}]}},"_links":{"self":[{"href":"https:\/\/www.coeurdefamille.com\/index.php\/wp-json\/wp\/v2\/pages\/99","targetHints":{"allow":["GET"]}}],"collection":[{"href":"https:\/\/www.coeurdefamille.com\/index.php\/wp-json\/wp\/v2\/pages"}],"about":[{"href":"https:\/\/www.coeurdefamille.com\/index.php\/wp-json\/wp\/v2\/types\/page"}],"author":[{"embeddable":true,"href":"https:\/\/www.coeurdefamille.com\/index.php\/wp-json\/wp\/v2\/users\/1"}],"replies":[{"embeddable":true,"href":"https:\/\/www.coeurdefamille.com\/index.php\/wp-json\/wp\/v2\/comments?post=99"}],"version-history":[{"count":17,"href":"https:\/\/www.coeurdefamille.com\/index.php\/wp-json\/wp\/v2\/pages\/99\/revisions"}],"predecessor-version":[{"id":407,"href":"https:\/\/www.coeurdefamille.com\/index.php\/wp-json\/wp\/v2\/pages\/99\/revisions\/407"}],"wp:featuredmedia":[{"embeddable":true,"href":"https:\/\/www.coeurdefamille.com\/index.php\/wp-json\/wp\/v2\/media\/100"}],"wp:attachment":[{"href":"https:\/\/www.coeurdefamille.com\/index.php\/wp-json\/wp\/v2\/media?parent=99"}],"curies":[{"name":"wp","href":"https:\/\/api.w.org\/{rel}","templated":true}]}}